{"id":20553,"date":"2021-12-16T15:55:56","date_gmt":"2021-12-16T15:55:56","guid":{"rendered":"https:\/\/teakdecking.pro\/plasdeck-services\/selbstinstallationsverfahren\/"},"modified":"2022-02-16T11:47:38","modified_gmt":"2022-02-16T11:47:38","slug":"selbstinstallationsverfahren","status":"publish","type":"page","link":"https:\/\/trim-nauticadecking.com\/de\/plasdeck-services\/selbstinstallationsverfahren\/","title":{"rendered":"SELBSTINSTALLATIONSVERFAHREN"},"content":{"rendered":"\t\t<div data-elementor-type=\"wp-page\" data-elementor-id=\"20553\" class=\"elementor elementor-20553 elementor-201\" data-elementor-post-type=\"page\">\n\t\t\t\t\t\t<section class=\"elementor-section elementor-top-section elementor-element elementor-element-6c82c98 elementor-section-boxed elementor-section-height-default elementor-section-height-default\" data-id=\"6c82c98\" data-element_type=\"section\" data-e-type=\"section\">\n\t\t\t\t\t\t<div class=\"elementor-container elementor-column-gap-no\">\n\t\t\t\t\t<div class=\"elementor-column elementor-col-100 elementor-top-column elementor-element elementor-element-4ec4b77\" data-id=\"4ec4b77\" data-element_type=\"column\" data-e-type=\"column\">\n\t\t\t<div class=\"elementor-widget-wrap elementor-element-populated\">\n\t\t\t\t\t\t<div class=\"elementor-element elementor-element-d243e26 elementor-widget elementor-widget-text-editor\" data-id=\"d243e26\" data-element_type=\"widget\" data-e-type=\"widget\" data-widget_type=\"text-editor.default\">\n\t\t\t\t<div class=\"elementor-widget-container\">\n\t\t\t\t\t\t\t\t\t<p>Kunden, die PlasDECK&reg; Teakholz auf ihrem Boot selbst zusammenbauen m\u00f6chten, bieten wir einen Versandservice des gesamten Sets innerhalb Kroatiens, Sloweniens und \u00d6sterreichs an. Das Set besteht aus PlasDECK&reg;-Panelen, die nach angegebenen Vorlagen hergestellt wurden.<\/p>\n<p>Dieser Service besteht aus folgenden Phasen:<\/p>\n<ul>\n<li>Kontakt: Verwenden Sie das Kontaktformular \u201eANFRAGE SENDEN\u201c<\/li>\n<li>Warten Sie auf unsere Antwort<\/li>\n<li>Senden Sie uns Vorlagen\/Abmessungen von Ihrem Boot (gem\u00e4\u00df unseren Anweisungen) f\u00fcr die Fl\u00e4chen, die Sie mit PlasDECK\u00ae\ufe0f belegen m\u00f6chten<\/li>\n<li>Erhalten Sie das PlasDECK&reg;-Set direkt an Ihre Adresse<\/li>\n<li>Kleben Sie die PlasDECK&reg;-Platten nach Anleitung.<\/li>\n<\/ul>\n<h2>WICHTIG<\/h2>\n<p>Mit der Bestellung f\u00fcr eine Selbstinstallation wird Geld eingespart, das man f\u00fcr die Montage bezahlen w\u00fcrde. Dieses Vorgehen ist preiswerter, aber auch viel riskanter, besonders wenn Sie keine Erfahrung haben. Einige Elemente sind komplexer in ihrer Form und schwer anzulegen. Manchmal k\u00f6nnen unvorhergesehene Situationen auftreten oder die Notwendigkeit, eine bessere L\u00f6sung einzusetzen, die nur durch Erfahrung festgestellt werden kann. W\u00e4hrend des Zusammenbaus kann ein Moment der Unaufmerksamkeit zu Blasen unter der Oberfl\u00e4che f\u00fchren, deren Beseitigung sehr m\u00fchsam ist.<br \/>\nSchlie\u00dflich bleibt die Frage der Garantie. Bei selbstst\u00e4ndiger Installation hat PlasDECK&reg; weiterhin eine 5-j\u00e4hrige Materialgarantie. Als H\u00e4ndler k\u00f6nnen wir Ihnen jedoch keine Garantie f\u00fcr die Installation geben, da die Installation nicht unsererseits durchgef\u00fchrt wurde.<br \/>\nTipp: Wenn Sie unsicher sind, nehmen Sie das Risiko nicht auf sich und \u00fcberlassen Sie die Arbeit den Fachleuten. F\u00fcr uns ist das Routine.<\/p>\n<p>PlasDECK&reg; ist ein Premiumprodukt und wird auf Ihrer Yacht wundersch\u00f6n aussehen. Es muss jedoch gem\u00e4\u00df allen Richtlinien und Protokollen installiert werden. Nur so kann man jahrelang Freude daran haben.<br \/>\nRufen Sie uns an und wir geben unser Bestes Ihnen einen gesamten Service zu bieten!<\/p>\n<h2>PLASDECK&reg;-MONTAGE:<\/h2>\n<p>Es gibt zwei Arten der Bindung\/Verkn\u00fcpfung.<br \/>\n\u2013 mit Polymerkleber (Basis + Booster) \u2013 wird in 2,5 kg Eimern verkauft, vor Gebrauch mit einem Beschleuniger gemischt und auf eine zuvor geschliffene Oberfl\u00e4che aufgetragen. Das Deck sollte dann gleichm\u00e4\u00dfig mit Gewichten beladen werden;<br \/>\noder wir empfehlen Einkomponentenkleber Bostik,<br \/>\nmit 3M speziellem doppelseitigem Klebeband, das bereits an die Teakholzunterseite angeklebt ist und an Ihre Adresse geliefert wird. Diese L\u00f6sung zeigte eine sehr hohe Effektivit\u00e4t und Haltbarkeit, verk\u00fcrzt erheblich die Bindungszeit und zeichnet sich durch Einfachheit aus. Da die Haftung unmittelbar nach dem Verlegen etwa 80Haftfestigkeit.<\/p>\n\t\t\t\t\t\t\t\t<\/div>\n\t\t\t\t<\/div>\n\t\t\t\t\t<\/div>\n\t\t<\/div>\n\t\t\t\t\t<\/div>\n\t\t<\/section>\n\t\t\t\t<section class=\"elementor-section elementor-top-section elementor-element elementor-element-bf9c258 elementor-section-boxed elementor-section-height-default elementor-section-height-default\" data-id=\"bf9c258\" data-element_type=\"section\" data-e-type=\"section\">\n\t\t\t\t\t\t<div class=\"elementor-container elementor-column-gap-no\">\n\t\t\t\t\t<div class=\"elementor-column elementor-col-100 elementor-top-column elementor-element elementor-element-33a17c9\" data-id=\"33a17c9\" data-element_type=\"column\" data-e-type=\"column\">\n\t\t\t<div class=\"elementor-widget-wrap elementor-element-populated\">\n\t\t\t\t\t\t<div class=\"elementor-element elementor-element-38ff6ba elementor-widget elementor-widget-heading\" data-id=\"38ff6ba\" data-element_type=\"widget\" data-e-type=\"widget\" data-widget_type=\"heading.default\">\n\t\t\t\t<div class=\"elementor-widget-container\">\n\t\t\t\t\t<h3 class=\"elementor-heading-title elementor-size-default\">Inhalt des Sets: Bedienungsanleitung, PlasDECK-Platten, Klebstoff und Montagewerkzeug<\/h3>\t\t\t\t<\/div>\n\t\t\t\t<\/div>\n\t\t\t\t<div class=\"elementor-element elementor-element-5eb47f9 elementor-widget elementor-widget-gallery\" data-id=\"5eb47f9\" data-element_type=\"widget\" data-e-type=\"widget\" data-settings=\"{&quot;columns_tablet&quot;:3,&quot;columns_mobile&quot;:2,&quot;aspect_ratio&quot;:&quot;1:1&quot;,&quot;lazyload&quot;:&quot;yes&quot;,&quot;gallery_layout&quot;:&quot;grid&quot;,&quot;columns&quot;:4,&quot;gap&quot;:{&quot;unit&quot;:&quot;px&quot;,&quot;size&quot;:10,&quot;sizes&quot;:[]},&quot;gap_tablet&quot;:{&quot;unit&quot;:&quot;px&quot;,&quot;size&quot;:10,&quot;sizes&quot;:[]},&quot;gap_mobile&quot;:{&quot;unit&quot;:&quot;px&quot;,&quot;size&quot;:10,&quot;sizes&quot;:[]},&quot;link_to&quot;:&quot;file&quot;,&quot;overlay_background&quot;:&quot;yes&quot;,&quot;content_hover_animation&quot;:&quot;fade-in&quot;}\" data-widget_type=\"gallery.default\">\n\t\t\t\t<div class=\"elementor-widget-container\">\n\t\t\t\t\t\t\t<div class=\"elementor-gallery__container\">\n\t\t\t\t\t\t\t<a class=\"e-gallery-item elementor-gallery-item elementor-animated-content\" href=\"https:\/\/trim-nauticadecking.com\/wp-content\/uploads\/2022\/01\/IMG_4164-1200x1600-1.jpeg\" data-elementor-open-lightbox=\"yes\" data-elementor-lightbox-slideshow=\"5eb47f9\" data-e-action-hash=\"#elementor-action%3Aaction%3Dlightbox%26settings%3DeyJpZCI6MTkxMTgsInVybCI6Imh0dHBzOlwvXC90cmltLW5hdXRpY2FkZWNraW5nLmNvbVwvd3AtY29udGVudFwvdXBsb2Fkc1wvMjAyMlwvMDFcL0lNR180MTY0LTEyMDB4MTYwMC0xLmpwZWciLCJzbGlkZXNob3ciOiI1ZWI0N2Y5In0%3D\">\n\t\t\t\t\t<div class=\"e-gallery-image elementor-gallery-item__image\" data-thumbnail=\"https:\/\/trim-nauticadecking.com\/wp-content\/uploads\/2022\/01\/IMG_4164-1200x1600-1-225x300.jpeg\" data-width=\"225\" data-height=\"300\" aria-label=\"\" role=\"img\" ><\/div>\n\t\t\t\t\t\t\t\t\t\t\t<div class=\"elementor-gallery-item__overlay\"><\/div>\n\t\t\t\t\t\t\t\t\t\t\t\t\t\t<\/a>\n\t\t\t\t\t\t\t<a class=\"e-gallery-item elementor-gallery-item elementor-animated-content\" href=\"https:\/\/trim-nauticadecking.com\/wp-content\/uploads\/2022\/01\/IMG_4165-1200x1600-1.jpeg\" data-elementor-open-lightbox=\"yes\" data-elementor-lightbox-slideshow=\"5eb47f9\" data-e-action-hash=\"#elementor-action%3Aaction%3Dlightbox%26settings%3DeyJpZCI6MTkxMTksInVybCI6Imh0dHBzOlwvXC90cmltLW5hdXRpY2FkZWNraW5nLmNvbVwvd3AtY29udGVudFwvdXBsb2Fkc1wvMjAyMlwvMDFcL0lNR180MTY1LTEyMDB4MTYwMC0xLmpwZWciLCJzbGlkZXNob3ciOiI1ZWI0N2Y5In0%3D\">\n\t\t\t\t\t<div class=\"e-gallery-image elementor-gallery-item__image\" data-thumbnail=\"https:\/\/trim-nauticadecking.com\/wp-content\/uploads\/2022\/01\/IMG_4165-1200x1600-1-225x300.jpeg\" data-width=\"225\" data-height=\"300\" aria-label=\"\" role=\"img\" ><\/div>\n\t\t\t\t\t\t\t\t\t\t\t<div class=\"elementor-gallery-item__overlay\"><\/div>\n\t\t\t\t\t\t\t\t\t\t\t\t\t\t<\/a>\n\t\t\t\t\t\t\t<a class=\"e-gallery-item elementor-gallery-item elementor-animated-content\" href=\"https:\/\/trim-nauticadecking.com\/wp-content\/uploads\/2022\/01\/IMG_4143-1200x1600-1.jpeg\" data-elementor-open-lightbox=\"yes\" data-elementor-lightbox-slideshow=\"5eb47f9\" data-e-action-hash=\"#elementor-action%3Aaction%3Dlightbox%26settings%3DeyJpZCI6MTkxMjAsInVybCI6Imh0dHBzOlwvXC90cmltLW5hdXRpY2FkZWNraW5nLmNvbVwvd3AtY29udGVudFwvdXBsb2Fkc1wvMjAyMlwvMDFcL0lNR180MTQzLTEyMDB4MTYwMC0xLmpwZWciLCJzbGlkZXNob3ciOiI1ZWI0N2Y5In0%3D\">\n\t\t\t\t\t<div class=\"e-gallery-image elementor-gallery-item__image\" data-thumbnail=\"https:\/\/trim-nauticadecking.com\/wp-content\/uploads\/2022\/01\/IMG_4143-1200x1600-1-225x300.jpeg\" data-width=\"225\" data-height=\"300\" aria-label=\"\" role=\"img\" ><\/div>\n\t\t\t\t\t\t\t\t\t\t\t<div class=\"elementor-gallery-item__overlay\"><\/div>\n\t\t\t\t\t\t\t\t\t\t\t\t\t\t<\/a>\n\t\t\t\t\t\t\t<a class=\"e-gallery-item elementor-gallery-item elementor-animated-content\" href=\"https:\/\/trim-nauticadecking.com\/wp-content\/uploads\/2022\/01\/IMG_4144-1200x1600-1.jpeg\" data-elementor-open-lightbox=\"yes\" data-elementor-lightbox-slideshow=\"5eb47f9\" data-e-action-hash=\"#elementor-action%3Aaction%3Dlightbox%26settings%3DeyJpZCI6MTkxMjEsInVybCI6Imh0dHBzOlwvXC90cmltLW5hdXRpY2FkZWNraW5nLmNvbVwvd3AtY29udGVudFwvdXBsb2Fkc1wvMjAyMlwvMDFcL0lNR180MTQ0LTEyMDB4MTYwMC0xLmpwZWciLCJzbGlkZXNob3ciOiI1ZWI0N2Y5In0%3D\">\n\t\t\t\t\t<div class=\"e-gallery-image elementor-gallery-item__image\" data-thumbnail=\"https:\/\/trim-nauticadecking.com\/wp-content\/uploads\/2022\/01\/IMG_4144-1200x1600-1-225x300.jpeg\" data-width=\"225\" data-height=\"300\" aria-label=\"\" role=\"img\" ><\/div>\n\t\t\t\t\t\t\t\t\t\t\t<div class=\"elementor-gallery-item__overlay\"><\/div>\n\t\t\t\t\t\t\t\t\t\t\t\t\t\t<\/a>\n\t\t\t\t\t<\/div>\n\t\t\t\t\t<\/div>\n\t\t\t\t<\/div>\n\t\t\t\t\t<\/div>\n\t\t<\/div>\n\t\t\t\t\t<\/div>\n\t\t<\/section>\n\t\t\t\t<\/div>\n\t\t","protected":false},"excerpt":{"rendered":"<p>Kunden, die PlasDECK&reg; Teakholz auf ihrem Boot selbst zusammenbauen m\u00f6chten, bieten wir einen Versandservice des gesamten Sets innerhalb Kroatiens, Sloweniens und \u00d6sterreichs an. Das Set besteht aus PlasDECK&reg;-Panelen, die nach angegebenen Vorlagen hergestellt wurden. Dieser Service besteht aus folgenden Phasen: Kontakt: Verwenden Sie das Kontaktformular \u201eANFRAGE SENDEN\u201c Warten Sie auf unsere Antwort Senden Sie uns [&hellip;]<\/p>\n","protected":false},"author":3,"featured_media":0,"parent":20552,"menu_order":0,"comment_status":"closed","ping_status":"closed","template":"","meta":{"footnotes":""},"class_list":["post-20553","page","type-page","status-publish","hentry"],"yoast_head":"<!-- This site is optimized with the Yoast SEO plugin v27.2 - https:\/\/yoast.com\/product\/yoast-seo-wordpress\/ -->\n<title>SELBSTINSTALLATIONSVERFAHREN - Teak decking by triM Nautica<\/title>\n<meta name=\"robots\" content=\"index, follow, max-snippet:-1, max-image-preview:large, max-video-preview:-1\" \/>\n<link rel=\"canonical\" href=\"https:\/\/trim-nauticadecking.com\/de\/plasdeck-services\/selbstinstallationsverfahren\/\" \/>\n<meta property=\"og:locale\" content=\"de_DE\" \/>\n<meta property=\"og:type\" content=\"article\" \/>\n<meta property=\"og:title\" content=\"SELBSTINSTALLATIONSVERFAHREN - Teak decking by triM Nautica\" \/>\n<meta property=\"og:description\" content=\"Kunden, die PlasDECK&reg; Teakholz auf ihrem Boot selbst zusammenbauen m\u00f6chten, bieten wir einen Versandservice des gesamten Sets innerhalb Kroatiens, Sloweniens und \u00d6sterreichs an. Das Set besteht aus PlasDECK&reg;-Panelen, die nach angegebenen Vorlagen hergestellt wurden. Dieser Service besteht aus folgenden Phasen: Kontakt: Verwenden Sie das Kontaktformular \u201eANFRAGE SENDEN\u201c Warten Sie auf unsere Antwort Senden Sie uns [&hellip;]\" \/>\n<meta property=\"og:url\" content=\"https:\/\/trim-nauticadecking.com\/de\/plasdeck-services\/selbstinstallationsverfahren\/\" \/>\n<meta property=\"og:site_name\" content=\"Teak decking by triM Nautica\" \/>\n<meta property=\"article:modified_time\" content=\"2022-02-16T11:47:38+00:00\" \/>\n<meta name=\"twitter:card\" content=\"summary_large_image\" \/>\n<meta name=\"twitter:label1\" content=\"Gesch\u00e4tzte Lesezeit\" \/>\n\t<meta name=\"twitter:data1\" content=\"2\u00a0Minuten\" \/>\n<script type=\"application\/ld+json\" class=\"yoast-schema-graph\">{\"@context\":\"https:\/\/schema.org\",\"@graph\":[{\"@type\":\"WebPage\",\"@id\":\"https:\/\/trim-nauticadecking.com\/de\/plasdeck-services\/selbstinstallationsverfahren\/\",\"url\":\"https:\/\/trim-nauticadecking.com\/de\/plasdeck-services\/selbstinstallationsverfahren\/\",\"name\":\"SELBSTINSTALLATIONSVERFAHREN - Teak decking by triM Nautica\",\"isPartOf\":{\"@id\":\"https:\/\/trim-nauticadecking.com\/de\/#website\"},\"datePublished\":\"2021-12-16T15:55:56+00:00\",\"dateModified\":\"2022-02-16T11:47:38+00:00\",\"breadcrumb\":{\"@id\":\"https:\/\/trim-nauticadecking.com\/de\/plasdeck-services\/selbstinstallationsverfahren\/#breadcrumb\"},\"inLanguage\":\"de\",\"potentialAction\":[{\"@type\":\"ReadAction\",\"target\":[\"https:\/\/trim-nauticadecking.com\/de\/plasdeck-services\/selbstinstallationsverfahren\/\"]}]},{\"@type\":\"BreadcrumbList\",\"@id\":\"https:\/\/trim-nauticadecking.com\/de\/plasdeck-services\/selbstinstallationsverfahren\/#breadcrumb\",\"itemListElement\":[{\"@type\":\"ListItem\",\"position\":1,\"name\":\"Po\u010detna stranica\",\"item\":\"https:\/\/trim-nauticadecking.com\/de\/\"},{\"@type\":\"ListItem\",\"position\":2,\"name\":\"PlasDECK services\",\"item\":\"https:\/\/trim-nauticadecking.com\/de\/plasdeck-services\/\"},{\"@type\":\"ListItem\",\"position\":3,\"name\":\"SELBSTINSTALLATIONSVERFAHREN\"}]},{\"@type\":\"WebSite\",\"@id\":\"https:\/\/trim-nauticadecking.com\/de\/#website\",\"url\":\"https:\/\/trim-nauticadecking.com\/de\/\",\"name\":\"Teak decking by triM Nautica\",\"description\":\"K\u00fcnstliches Teakholz | TEAK-Decks \u2013 k\u00fcnstliches Teakholz | PlasDECK | Installation\",\"publisher\":{\"@id\":\"https:\/\/trim-nauticadecking.com\/de\/#organization\"},\"potentialAction\":[{\"@type\":\"SearchAction\",\"target\":{\"@type\":\"EntryPoint\",\"urlTemplate\":\"https:\/\/trim-nauticadecking.com\/de\/?s={search_term_string}\"},\"query-input\":{\"@type\":\"PropertyValueSpecification\",\"valueRequired\":true,\"valueName\":\"search_term_string\"}}],\"inLanguage\":\"de\"},{\"@type\":\"Organization\",\"@id\":\"https:\/\/trim-nauticadecking.com\/de\/#organization\",\"name\":\"Teak decking by triM Nautica\",\"url\":\"https:\/\/trim-nauticadecking.com\/de\/\",\"logo\":{\"@type\":\"ImageObject\",\"inLanguage\":\"de\",\"@id\":\"https:\/\/trim-nauticadecking.com\/de\/#\/schema\/logo\/image\/\",\"url\":\"https:\/\/trim-nauticadecking.com\/wp-content\/uploads\/2021\/08\/Teak-Decking-logo-185x40px.svg\",\"contentUrl\":\"https:\/\/trim-nauticadecking.com\/wp-content\/uploads\/2021\/08\/Teak-Decking-logo-185x40px.svg\",\"width\":100,\"height\":100,\"caption\":\"Teak decking by triM Nautica\"},\"image\":{\"@id\":\"https:\/\/trim-nauticadecking.com\/de\/#\/schema\/logo\/image\/\"}}]}<\/script>\n<!-- \/ Yoast SEO plugin. -->","yoast_head_json":{"title":"SELBSTINSTALLATIONSVERFAHREN - Teak decking by triM Nautica","robots":{"index":"index","follow":"follow","max-snippet":"max-snippet:-1","max-image-preview":"max-image-preview:large","max-video-preview":"max-video-preview:-1"},"canonical":"https:\/\/trim-nauticadecking.com\/de\/plasdeck-services\/selbstinstallationsverfahren\/","og_locale":"de_DE","og_type":"article","og_title":"SELBSTINSTALLATIONSVERFAHREN - Teak decking by triM Nautica","og_description":"Kunden, die PlasDECK&reg; Teakholz auf ihrem Boot selbst zusammenbauen m\u00f6chten, bieten wir einen Versandservice des gesamten Sets innerhalb Kroatiens, Sloweniens und \u00d6sterreichs an. Das Set besteht aus PlasDECK&reg;-Panelen, die nach angegebenen Vorlagen hergestellt wurden. Dieser Service besteht aus folgenden Phasen: Kontakt: Verwenden Sie das Kontaktformular \u201eANFRAGE SENDEN\u201c Warten Sie auf unsere Antwort Senden Sie uns [&hellip;]","og_url":"https:\/\/trim-nauticadecking.com\/de\/plasdeck-services\/selbstinstallationsverfahren\/","og_site_name":"Teak decking by triM Nautica","article_modified_time":"2022-02-16T11:47:38+00:00","twitter_card":"summary_large_image","twitter_misc":{"Gesch\u00e4tzte Lesezeit":"2\u00a0Minuten"},"schema":{"@context":"https:\/\/schema.org","@graph":[{"@type":"WebPage","@id":"https:\/\/trim-nauticadecking.com\/de\/plasdeck-services\/selbstinstallationsverfahren\/","url":"https:\/\/trim-nauticadecking.com\/de\/plasdeck-services\/selbstinstallationsverfahren\/","name":"SELBSTINSTALLATIONSVERFAHREN - Teak decking by triM Nautica","isPartOf":{"@id":"https:\/\/trim-nauticadecking.com\/de\/#website"},"datePublished":"2021-12-16T15:55:56+00:00","dateModified":"2022-02-16T11:47:38+00:00","breadcrumb":{"@id":"https:\/\/trim-nauticadecking.com\/de\/plasdeck-services\/selbstinstallationsverfahren\/#breadcrumb"},"inLanguage":"de","potentialAction":[{"@type":"ReadAction","target":["https:\/\/trim-nauticadecking.com\/de\/plasdeck-services\/selbstinstallationsverfahren\/"]}]},{"@type":"BreadcrumbList","@id":"https:\/\/trim-nauticadecking.com\/de\/plasdeck-services\/selbstinstallationsverfahren\/#breadcrumb","itemListElement":[{"@type":"ListItem","position":1,"name":"Po\u010detna stranica","item":"https:\/\/trim-nauticadecking.com\/de\/"},{"@type":"ListItem","position":2,"name":"PlasDECK services","item":"https:\/\/trim-nauticadecking.com\/de\/plasdeck-services\/"},{"@type":"ListItem","position":3,"name":"SELBSTINSTALLATIONSVERFAHREN"}]},{"@type":"WebSite","@id":"https:\/\/trim-nauticadecking.com\/de\/#website","url":"https:\/\/trim-nauticadecking.com\/de\/","name":"Teak decking by triM Nautica","description":"K\u00fcnstliches Teakholz | TEAK-Decks \u2013 k\u00fcnstliches Teakholz | PlasDECK | Installation","publisher":{"@id":"https:\/\/trim-nauticadecking.com\/de\/#organization"},"potentialAction":[{"@type":"SearchAction","target":{"@type":"EntryPoint","urlTemplate":"https:\/\/trim-nauticadecking.com\/de\/?s={search_term_string}"},"query-input":{"@type":"PropertyValueSpecification","valueRequired":true,"valueName":"search_term_string"}}],"inLanguage":"de"},{"@type":"Organization","@id":"https:\/\/trim-nauticadecking.com\/de\/#organization","name":"Teak decking by triM Nautica","url":"https:\/\/trim-nauticadecking.com\/de\/","logo":{"@type":"ImageObject","inLanguage":"de","@id":"https:\/\/trim-nauticadecking.com\/de\/#\/schema\/logo\/image\/","url":"https:\/\/trim-nauticadecking.com\/wp-content\/uploads\/2021\/08\/Teak-Decking-logo-185x40px.svg","contentUrl":"https:\/\/trim-nauticadecking.com\/wp-content\/uploads\/2021\/08\/Teak-Decking-logo-185x40px.svg","width":100,"height":100,"caption":"Teak decking by triM Nautica"},"image":{"@id":"https:\/\/trim-nauticadecking.com\/de\/#\/schema\/logo\/image\/"}}]}},"_links":{"self":[{"href":"https:\/\/trim-nauticadecking.com\/de\/wp-json\/wp\/v2\/pages\/20553","targetHints":{"allow":["GET"]}}],"collection":[{"href":"https:\/\/trim-nauticadecking.com\/de\/wp-json\/wp\/v2\/pages"}],"about":[{"href":"https:\/\/trim-nauticadecking.com\/de\/wp-json\/wp\/v2\/types\/page"}],"author":[{"embeddable":true,"href":"https:\/\/trim-nauticadecking.com\/de\/wp-json\/wp\/v2\/users\/3"}],"replies":[{"embeddable":true,"href":"https:\/\/trim-nauticadecking.com\/de\/wp-json\/wp\/v2\/comments?post=20553"}],"version-history":[{"count":2,"href":"https:\/\/trim-nauticadecking.com\/de\/wp-json\/wp\/v2\/pages\/20553\/revisions"}],"predecessor-version":[{"id":20799,"href":"https:\/\/trim-nauticadecking.com\/de\/wp-json\/wp\/v2\/pages\/20553\/revisions\/20799"}],"up":[{"embeddable":true,"href":"https:\/\/trim-nauticadecking.com\/de\/wp-json\/wp\/v2\/pages\/20552"}],"wp:attachment":[{"href":"https:\/\/trim-nauticadecking.com\/de\/wp-json\/wp\/v2\/media?parent=20553"}],"curies":[{"name":"wp","href":"https:\/\/api.w.org\/{rel}","templated":true}]}}