{"id":20555,"date":"2021-12-16T15:56:20","date_gmt":"2021-12-16T15:56:20","guid":{"rendered":"https:\/\/teakdecking.pro\/plasdeck-services\/schluesselfertiger-service\/"},"modified":"2022-02-16T11:47:51","modified_gmt":"2022-02-16T11:47:51","slug":"schluesselfertiger-service","status":"publish","type":"page","link":"https:\/\/trim-nauticadecking.com\/de\/plasdeck-services\/schluesselfertiger-service\/","title":{"rendered":"SCHL\u00dcSSELFERTIGER SERVICE"},"content":{"rendered":"\t\t<div data-elementor-type=\"wp-page\" data-elementor-id=\"20555\" class=\"elementor elementor-20555 elementor-203\" data-elementor-post-type=\"page\">\n\t\t\t\t\t\t<section class=\"elementor-section elementor-top-section elementor-element elementor-element-380a083 elementor-section-boxed elementor-section-height-default elementor-section-height-default\" data-id=\"380a083\" data-element_type=\"section\" data-e-type=\"section\">\n\t\t\t\t\t\t<div class=\"elementor-container elementor-column-gap-wide\">\n\t\t\t\t\t<div class=\"elementor-column elementor-col-50 elementor-top-column elementor-element elementor-element-6c7fadb\" data-id=\"6c7fadb\" data-element_type=\"column\" data-e-type=\"column\">\n\t\t\t<div class=\"elementor-widget-wrap elementor-element-populated\">\n\t\t\t\t\t\t<div class=\"elementor-element elementor-element-436e3b7 elementor-position-inline-start elementor-view-default elementor-mobile-position-block-start elementor-widget elementor-widget-icon-box\" data-id=\"436e3b7\" data-element_type=\"widget\" data-e-type=\"widget\" data-widget_type=\"icon-box.default\">\n\t\t\t\t<div class=\"elementor-widget-container\">\n\t\t\t\t\t\t\t<div class=\"elementor-icon-box-wrapper\">\n\n\t\t\t\t\t\t<div class=\"elementor-icon-box-icon\">\n\t\t\t\t<span  class=\"elementor-icon\">\n\t\t\t\t<i aria-hidden=\"true\" class=\"fal fa-search\"><\/i>\t\t\t\t<\/span>\n\t\t\t<\/div>\n\t\t\t\n\t\t\t\t\t\t<div class=\"elementor-icon-box-content\">\n\n\t\t\t\t\t\t\t\t\t<h4 class=\"elementor-icon-box-title\">\n\t\t\t\t\t\t<span  >\n\t\t\t\t\t\t\tDIAGNOSTISCH\t\t\t\t\t\t<\/span>\n\t\t\t\t\t<\/h4>\n\t\t\t\t\n\t\t\t\t\t\t\t\t\t<p class=\"elementor-icon-box-description\">\n\t\t\t\t\t\tDas TEAKdecking\u00ae\ufe0f-Team von Fachleuten kommt auf Anfrage zu Ihrem Boot und f\u00fchrt in \u00dcbereinstimmung mit Ihnen eine Gutachten durch, dass das Schablonendesign (Vorlage) und das Teakholzdesign umfasst. Wir werden das gesamte Boot inspizieren und Sie beraten, welche L\u00f6sung die Beste w\u00e4re. Jedes Boot ist individuell und wir haben umfangreiche Erfahrung im Betrieb.\t\t\t\t\t<\/p>\n\t\t\t\t\n\t\t\t<\/div>\n\t\t\t\n\t\t<\/div>\n\t\t\t\t\t\t<\/div>\n\t\t\t\t<\/div>\n\t\t\t\t\t<\/div>\n\t\t<\/div>\n\t\t\t\t<div class=\"elementor-column elementor-col-50 elementor-top-column elementor-element elementor-element-152424b\" data-id=\"152424b\" data-element_type=\"column\" data-e-type=\"column\">\n\t\t\t<div class=\"elementor-widget-wrap elementor-element-populated\">\n\t\t\t\t\t\t<div class=\"elementor-element elementor-element-e48ec93 elementor-position-inline-start elementor-view-default elementor-mobile-position-block-start elementor-widget elementor-widget-icon-box\" data-id=\"e48ec93\" data-element_type=\"widget\" data-e-type=\"widget\" data-widget_type=\"icon-box.default\">\n\t\t\t\t<div class=\"elementor-widget-container\">\n\t\t\t\t\t\t\t<div class=\"elementor-icon-box-wrapper\">\n\n\t\t\t\t\t\t<div class=\"elementor-icon-box-icon\">\n\t\t\t\t<span  class=\"elementor-icon\">\n\t\t\t\t<i aria-hidden=\"true\" class=\"fal fa-cogs\"><\/i>\t\t\t\t<\/span>\n\t\t\t<\/div>\n\t\t\t\n\t\t\t\t\t\t<div class=\"elementor-icon-box-content\">\n\n\t\t\t\t\t\t\t\t\t<h4 class=\"elementor-icon-box-title\">\n\t\t\t\t\t\t<span  >\n\t\t\t\t\t\t\tHERSTELLUNG TEAKHOLZ\t\t\t\t\t\t<\/span>\n\t\t\t\t\t<\/h4>\n\t\t\t\t\n\t\t\t\t\t\t\t\t\t<p class=\"elementor-icon-box-description\">\n\t\t\t\t\t\tDas PlasDECK\u00ae\ufe0f Teakholz f\u00fcr Ihr Boot wird nach Vorlagen von erfahrenen Handwerkern von TEAKdecking\u00ae\ufe0f hergestellt. Alles ist handgefertigt nach einem vorab festgelegten Design, so dass Ihr Teakholz tats\u00e4chlich einzigartig ist, weil es an Ihre Bed\u00fcrfnisse angepasst ist.\t\t\t\t\t<\/p>\n\t\t\t\t\n\t\t\t<\/div>\n\t\t\t\n\t\t<\/div>\n\t\t\t\t\t\t<\/div>\n\t\t\t\t<\/div>\n\t\t\t\t\t<\/div>\n\t\t<\/div>\n\t\t\t\t\t<\/div>\n\t\t<\/section>\n\t\t\t\t<section class=\"elementor-section elementor-top-section elementor-element elementor-element-c6ee1b4 elementor-section-boxed elementor-section-height-default elementor-section-height-default\" data-id=\"c6ee1b4\" data-element_type=\"section\" data-e-type=\"section\">\n\t\t\t\t\t\t<div class=\"elementor-container elementor-column-gap-wide\">\n\t\t\t\t\t<div class=\"elementor-column elementor-col-50 elementor-top-column elementor-element elementor-element-70bd99f\" data-id=\"70bd99f\" data-element_type=\"column\" data-e-type=\"column\">\n\t\t\t<div class=\"elementor-widget-wrap elementor-element-populated\">\n\t\t\t\t\t\t<div class=\"elementor-element elementor-element-b0516e0 elementor-position-inline-start elementor-view-default elementor-mobile-position-block-start elementor-widget elementor-widget-icon-box\" data-id=\"b0516e0\" data-element_type=\"widget\" data-e-type=\"widget\" data-widget_type=\"icon-box.default\">\n\t\t\t\t<div class=\"elementor-widget-container\">\n\t\t\t\t\t\t\t<div class=\"elementor-icon-box-wrapper\">\n\n\t\t\t\t\t\t<div class=\"elementor-icon-box-icon\">\n\t\t\t\t<span  class=\"elementor-icon\">\n\t\t\t\t<i aria-hidden=\"true\" class=\"fal fa-tools\"><\/i>\t\t\t\t<\/span>\n\t\t\t<\/div>\n\t\t\t\n\t\t\t\t\t\t<div class=\"elementor-icon-box-content\">\n\n\t\t\t\t\t\t\t\t\t<h4 class=\"elementor-icon-box-title\">\n\t\t\t\t\t\t<span  >\n\t\t\t\t\t\t\tINSTALLATION\t\t\t\t\t\t<\/span>\n\t\t\t\t\t<\/h4>\n\t\t\t\t\n\t\t\t\t\t\t\t\t\t<p class=\"elementor-icon-box-description\">\n\t\t\t\t\t\tUnsere Installationstechniker sind f\u00fcr die Montage auf Ihrem Boot verantwortlich. Die zu verlegende Oberfl\u00e4che wird inspiziert, gegebenenfalls geschliffen oder Unregelm\u00e4\u00dfigkeiten werden beseitigt. Bei Bedarf entfernen wir auch altes Teakholz oder altes synthetisches Teakholz von schlechter Qualit\u00e4t. Wir sind in allen Regionen Kroatiens, Sloweniens und \u00d6sterreichs pr\u00e4sent.\r\nDas Verfugen des Teakholzes kann noch vor der endg\u00fcltigen Reinigung erfolgen.\t\t\t\t\t<\/p>\n\t\t\t\t\n\t\t\t<\/div>\n\t\t\t\n\t\t<\/div>\n\t\t\t\t\t\t<\/div>\n\t\t\t\t<\/div>\n\t\t\t\t\t<\/div>\n\t\t<\/div>\n\t\t\t\t<div class=\"elementor-column elementor-col-50 elementor-top-column elementor-element elementor-element-41ab7b0\" data-id=\"41ab7b0\" data-element_type=\"column\" data-e-type=\"column\">\n\t\t\t<div class=\"elementor-widget-wrap elementor-element-populated\">\n\t\t\t\t\t\t<div class=\"elementor-element elementor-element-5dfc615 elementor-position-inline-start elementor-view-default elementor-mobile-position-block-start elementor-widget elementor-widget-icon-box\" data-id=\"5dfc615\" data-element_type=\"widget\" data-e-type=\"widget\" data-widget_type=\"icon-box.default\">\n\t\t\t\t<div class=\"elementor-widget-container\">\n\t\t\t\t\t\t\t<div class=\"elementor-icon-box-wrapper\">\n\n\t\t\t\t\t\t<div class=\"elementor-icon-box-icon\">\n\t\t\t\t<span  class=\"elementor-icon\">\n\t\t\t\t<i aria-hidden=\"true\" class=\"fal fa-recycle\"><\/i>\t\t\t\t<\/span>\n\t\t\t<\/div>\n\t\t\t\n\t\t\t\t\t\t<div class=\"elementor-icon-box-content\">\n\n\t\t\t\t\t\t\t\t\t<h4 class=\"elementor-icon-box-title\">\n\t\t\t\t\t\t<span  >\n\t\t\t\t\t\t\tDEMONTAGE VON ALTEM TEAKHOLZ\t\t\t\t\t\t<\/span>\n\t\t\t\t\t<\/h4>\n\t\t\t\t\n\t\t\t\t\t\t\t\t\t<p class=\"elementor-icon-box-description\">\n\t\t\t\t\t\tDas Entfernen von altem Teakdeck ist ein m\u00fchsamer und zeitaufw\u00e4ndiger Vorgang und daher besonders kostspielig. Es ist zu beachten, dass nach dem Entfernen des alten Teakholzes die Oberfl\u00e4che mit einem Epoxy-Kitt geebnet und geschliffen werden sollte. Da wir zum Verkleben eine Vakuumpumpe verwenden, die einen Druck von ca. 10 Tonnen pro Quadratmeter erzeugt, ist f\u00fcr eine erfolgreiche Installation von PlasDECK entscheidend, dass die Oberfl\u00e4che eben ist.\t\t\t\t\t<\/p>\n\t\t\t\t\n\t\t\t<\/div>\n\t\t\t\n\t\t<\/div>\n\t\t\t\t\t\t<\/div>\n\t\t\t\t<\/div>\n\t\t\t\t\t<\/div>\n\t\t<\/div>\n\t\t\t\t\t<\/div>\n\t\t<\/section>\n\t\t\t\t<section class=\"elementor-section elementor-top-section elementor-element elementor-element-9047647 elementor-section-stretched elementor-section-boxed elementor-section-height-default elementor-section-height-default\" data-id=\"9047647\" data-element_type=\"section\" data-e-type=\"section\" data-settings=\"{&quot;stretch_section&quot;:&quot;section-stretched&quot;,&quot;background_background&quot;:&quot;classic&quot;}\">\n\t\t\t\t\t\t<div class=\"elementor-container elementor-column-gap-no\">\n\t\t\t\t\t<div class=\"elementor-column elementor-col-100 elementor-top-column elementor-element elementor-element-baa59c9\" data-id=\"baa59c9\" data-element_type=\"column\" data-e-type=\"column\">\n\t\t\t<div class=\"elementor-widget-wrap elementor-element-populated\">\n\t\t\t\t\t\t<div class=\"elementor-element elementor-element-712b87e elementor-widget elementor-widget-gallery\" data-id=\"712b87e\" data-element_type=\"widget\" data-e-type=\"widget\" data-settings=\"{&quot;columns_tablet&quot;:3,&quot;columns_mobile&quot;:2,&quot;aspect_ratio&quot;:&quot;1:1&quot;,&quot;lazyload&quot;:&quot;yes&quot;,&quot;gallery_layout&quot;:&quot;grid&quot;,&quot;columns&quot;:4,&quot;gap&quot;:{&quot;unit&quot;:&quot;px&quot;,&quot;size&quot;:10,&quot;sizes&quot;:[]},&quot;gap_tablet&quot;:{&quot;unit&quot;:&quot;px&quot;,&quot;size&quot;:10,&quot;sizes&quot;:[]},&quot;gap_mobile&quot;:{&quot;unit&quot;:&quot;px&quot;,&quot;size&quot;:10,&quot;sizes&quot;:[]},&quot;link_to&quot;:&quot;file&quot;,&quot;overlay_background&quot;:&quot;yes&quot;,&quot;content_hover_animation&quot;:&quot;fade-in&quot;}\" data-widget_type=\"gallery.default\">\n\t\t\t\t<div class=\"elementor-widget-container\">\n\t\t\t\t\t\t\t<div class=\"elementor-gallery__container\">\n\t\t\t\t\t\t\t<a class=\"e-gallery-item elementor-gallery-item elementor-animated-content\" href=\"https:\/\/trim-nauticadecking.com\/wp-content\/uploads\/2022\/01\/IMG_4164-1200x1600-1.jpeg\" data-elementor-open-lightbox=\"yes\" data-elementor-lightbox-slideshow=\"712b87e\" data-e-action-hash=\"#elementor-action%3Aaction%3Dlightbox%26settings%3DeyJpZCI6MTkxMTgsInVybCI6Imh0dHBzOlwvXC90cmltLW5hdXRpY2FkZWNraW5nLmNvbVwvd3AtY29udGVudFwvdXBsb2Fkc1wvMjAyMlwvMDFcL0lNR180MTY0LTEyMDB4MTYwMC0xLmpwZWciLCJzbGlkZXNob3ciOiI3MTJiODdlIn0%3D\">\n\t\t\t\t\t<div class=\"e-gallery-image elementor-gallery-item__image\" data-thumbnail=\"https:\/\/trim-nauticadecking.com\/wp-content\/uploads\/2022\/01\/IMG_4164-1200x1600-1-225x300.jpeg\" data-width=\"225\" data-height=\"300\" aria-label=\"\" role=\"img\" ><\/div>\n\t\t\t\t\t\t\t\t\t\t\t<div class=\"elementor-gallery-item__overlay\"><\/div>\n\t\t\t\t\t\t\t\t\t\t\t\t\t\t<\/a>\n\t\t\t\t\t\t\t<a class=\"e-gallery-item elementor-gallery-item elementor-animated-content\" href=\"https:\/\/trim-nauticadecking.com\/wp-content\/uploads\/2022\/01\/IMG_4165-1200x1600-1.jpeg\" data-elementor-open-lightbox=\"yes\" data-elementor-lightbox-slideshow=\"712b87e\" data-e-action-hash=\"#elementor-action%3Aaction%3Dlightbox%26settings%3DeyJpZCI6MTkxMTksInVybCI6Imh0dHBzOlwvXC90cmltLW5hdXRpY2FkZWNraW5nLmNvbVwvd3AtY29udGVudFwvdXBsb2Fkc1wvMjAyMlwvMDFcL0lNR180MTY1LTEyMDB4MTYwMC0xLmpwZWciLCJzbGlkZXNob3ciOiI3MTJiODdlIn0%3D\">\n\t\t\t\t\t<div class=\"e-gallery-image elementor-gallery-item__image\" data-thumbnail=\"https:\/\/trim-nauticadecking.com\/wp-content\/uploads\/2022\/01\/IMG_4165-1200x1600-1-225x300.jpeg\" data-width=\"225\" data-height=\"300\" aria-label=\"\" role=\"img\" ><\/div>\n\t\t\t\t\t\t\t\t\t\t\t<div class=\"elementor-gallery-item__overlay\"><\/div>\n\t\t\t\t\t\t\t\t\t\t\t\t\t\t<\/a>\n\t\t\t\t\t\t\t<a class=\"e-gallery-item elementor-gallery-item elementor-animated-content\" href=\"https:\/\/trim-nauticadecking.com\/wp-content\/uploads\/2022\/01\/IMG_4143-1200x1600-1.jpeg\" data-elementor-open-lightbox=\"yes\" data-elementor-lightbox-slideshow=\"712b87e\" data-e-action-hash=\"#elementor-action%3Aaction%3Dlightbox%26settings%3DeyJpZCI6MTkxMjAsInVybCI6Imh0dHBzOlwvXC90cmltLW5hdXRpY2FkZWNraW5nLmNvbVwvd3AtY29udGVudFwvdXBsb2Fkc1wvMjAyMlwvMDFcL0lNR180MTQzLTEyMDB4MTYwMC0xLmpwZWciLCJzbGlkZXNob3ciOiI3MTJiODdlIn0%3D\">\n\t\t\t\t\t<div class=\"e-gallery-image elementor-gallery-item__image\" data-thumbnail=\"https:\/\/trim-nauticadecking.com\/wp-content\/uploads\/2022\/01\/IMG_4143-1200x1600-1-225x300.jpeg\" data-width=\"225\" data-height=\"300\" aria-label=\"\" role=\"img\" ><\/div>\n\t\t\t\t\t\t\t\t\t\t\t<div class=\"elementor-gallery-item__overlay\"><\/div>\n\t\t\t\t\t\t\t\t\t\t\t\t\t\t<\/a>\n\t\t\t\t\t\t\t<a class=\"e-gallery-item elementor-gallery-item elementor-animated-content\" href=\"https:\/\/trim-nauticadecking.com\/wp-content\/uploads\/2022\/01\/IMG_4144-1200x1600-1.jpeg\" data-elementor-open-lightbox=\"yes\" data-elementor-lightbox-slideshow=\"712b87e\" data-e-action-hash=\"#elementor-action%3Aaction%3Dlightbox%26settings%3DeyJpZCI6MTkxMjEsInVybCI6Imh0dHBzOlwvXC90cmltLW5hdXRpY2FkZWNraW5nLmNvbVwvd3AtY29udGVudFwvdXBsb2Fkc1wvMjAyMlwvMDFcL0lNR180MTQ0LTEyMDB4MTYwMC0xLmpwZWciLCJzbGlkZXNob3ciOiI3MTJiODdlIn0%3D\">\n\t\t\t\t\t<div class=\"e-gallery-image elementor-gallery-item__image\" data-thumbnail=\"https:\/\/trim-nauticadecking.com\/wp-content\/uploads\/2022\/01\/IMG_4144-1200x1600-1-225x300.jpeg\" data-width=\"225\" data-height=\"300\" aria-label=\"\" role=\"img\" ><\/div>\n\t\t\t\t\t\t\t\t\t\t\t<div class=\"elementor-gallery-item__overlay\"><\/div>\n\t\t\t\t\t\t\t\t\t\t\t\t\t\t<\/a>\n\t\t\t\t\t<\/div>\n\t\t\t\t\t<\/div>\n\t\t\t\t<\/div>\n\t\t\t\t\t<\/div>\n\t\t<\/div>\n\t\t\t\t\t<\/div>\n\t\t<\/section>\n\t\t\t\t<section class=\"elementor-section elementor-top-section elementor-element elementor-element-979e386 elementor-section-boxed elementor-section-height-default elementor-section-height-default\" data-id=\"979e386\" data-element_type=\"section\" data-e-type=\"section\">\n\t\t\t\t\t\t<div class=\"elementor-container elementor-column-gap-no\">\n\t\t\t\t\t<div class=\"elementor-column elementor-col-100 elementor-top-column elementor-element elementor-element-a0111d0\" data-id=\"a0111d0\" data-element_type=\"column\" data-e-type=\"column\">\n\t\t\t<div class=\"elementor-widget-wrap elementor-element-populated\">\n\t\t\t\t\t\t<div class=\"elementor-element elementor-element-d1e7bff elementor-widget elementor-widget-text-editor\" data-id=\"d1e7bff\" data-element_type=\"widget\" data-e-type=\"widget\" data-widget_type=\"text-editor.default\">\n\t\t\t\t<div class=\"elementor-widget-container\">\n\t\t\t\t\t\t\t\t\t<p>F\u00fcr Sie als Kunde ist ein <strong>schl\u00fcsselfertiger Service<\/strong> der einfachste und beste Weg, um das bestm\u00f6gliche Ergebnis zu erzielen.<\/p>\n<p>Die Nichtber\u00fccksichtigung von Empfehlungen und Richtlinien vor und w\u00e4hrend der Montage kann das endg\u00fcltige Erscheinungsbild erheblich beeintr\u00e4chtigen und die Lebensdauer verk\u00fcrzen. Gehen Sie deswegen kein Risiko ein, vertrauen Sie den Profis!<\/p>\n<p>TEAKdecking\u00ae\ufe0f ist seit vielen Jahren im Bereich synthetisches Teakholz t\u00e4tig und hat im Laufe der Zeit in diesem Gesch\u00e4ft Referenz entwickelt.<\/p>\n<p>Dank der Vereinigung der Produktion an den Standorten Zagreb und Biograd werden beste Standards in diesem Gebiet garantiert, vom kleinen Beiboot bis zur Megayacht. Unser Service ist zugleich der schnellste auf dem Markt.<\/p>\n<p>Weitere Gr\u00fcnde? Nat\u00fcrlich \u2013 PlasDECK\u00ae\ufe0f!<\/p>\n<p>Um den besten Service bieten zu k\u00f6nnen, muss man auch das beste Produkt haben, mit bester Qualit\u00e4t und Haltbarkeit. PlasDECK\u00ae\ufe0f bietet all das. Hergestellt in Akron, der Hauptstadt der weltweiten PVC- und Polymerproduktion. Es wird durch innovativste Verfahren und mit hochwertigsten Komponenten hergestellt.<\/p>\n\t\t\t\t\t\t\t\t<\/div>\n\t\t\t\t<\/div>\n\t\t\t\t\t<\/div>\n\t\t<\/div>\n\t\t\t\t\t<\/div>\n\t\t<\/section>\n\t\t\t\t<\/div>\n\t\t","protected":false},"excerpt":{"rendered":"<p>DIAGNOSTISCH Das TEAKdecking\u00ae\ufe0f-Team von Fachleuten kommt auf Anfrage zu Ihrem Boot und f\u00fchrt in \u00dcbereinstimmung mit Ihnen eine Gutachten durch, dass das Schablonendesign (Vorlage) und das Teakholzdesign umfasst. Wir werden das gesamte Boot inspizieren und Sie beraten, welche L\u00f6sung die Beste w\u00e4re. Jedes Boot ist individuell und wir haben umfangreiche Erfahrung im Betrieb. HERSTELLUNG TEAKHOLZ [&hellip;]<\/p>\n","protected":false},"author":3,"featured_media":0,"parent":20552,"menu_order":1,"comment_status":"closed","ping_status":"closed","template":"","meta":{"footnotes":""},"class_list":["post-20555","page","type-page","status-publish","hentry"],"yoast_head":"<!-- This site is optimized with the Yoast SEO plugin v27.2 - https:\/\/yoast.com\/product\/yoast-seo-wordpress\/ -->\n<title>SCHL\u00dcSSELFERTIGER SERVICE - Teak decking by triM Nautica<\/title>\n<meta name=\"robots\" content=\"index, follow, max-snippet:-1, max-image-preview:large, max-video-preview:-1\" \/>\n<link rel=\"canonical\" href=\"https:\/\/trim-nauticadecking.com\/de\/plasdeck-services\/schluesselfertiger-service\/\" \/>\n<meta property=\"og:locale\" content=\"de_DE\" \/>\n<meta property=\"og:type\" content=\"article\" \/>\n<meta property=\"og:title\" content=\"SCHL\u00dcSSELFERTIGER SERVICE - Teak decking by triM Nautica\" \/>\n<meta property=\"og:description\" content=\"DIAGNOSTISCH Das TEAKdecking\u00ae\ufe0f-Team von Fachleuten kommt auf Anfrage zu Ihrem Boot und f\u00fchrt in \u00dcbereinstimmung mit Ihnen eine Gutachten durch, dass das Schablonendesign (Vorlage) und das Teakholzdesign umfasst. Wir werden das gesamte Boot inspizieren und Sie beraten, welche L\u00f6sung die Beste w\u00e4re. Jedes Boot ist individuell und wir haben umfangreiche Erfahrung im Betrieb. HERSTELLUNG TEAKHOLZ [&hellip;]\" \/>\n<meta property=\"og:url\" content=\"https:\/\/trim-nauticadecking.com\/de\/plasdeck-services\/schluesselfertiger-service\/\" \/>\n<meta property=\"og:site_name\" content=\"Teak decking by triM Nautica\" \/>\n<meta property=\"article:modified_time\" content=\"2022-02-16T11:47:51+00:00\" \/>\n<meta name=\"twitter:card\" content=\"summary_large_image\" \/>\n<meta name=\"twitter:label1\" content=\"Gesch\u00e4tzte Lesezeit\" \/>\n\t<meta name=\"twitter:data1\" content=\"2\u00a0Minuten\" \/>\n<script type=\"application\/ld+json\" class=\"yoast-schema-graph\">{\"@context\":\"https:\/\/schema.org\",\"@graph\":[{\"@type\":\"WebPage\",\"@id\":\"https:\/\/trim-nauticadecking.com\/de\/plasdeck-services\/schluesselfertiger-service\/\",\"url\":\"https:\/\/trim-nauticadecking.com\/de\/plasdeck-services\/schluesselfertiger-service\/\",\"name\":\"SCHL\u00dcSSELFERTIGER SERVICE - Teak decking by triM Nautica\",\"isPartOf\":{\"@id\":\"https:\/\/trim-nauticadecking.com\/de\/#website\"},\"datePublished\":\"2021-12-16T15:56:20+00:00\",\"dateModified\":\"2022-02-16T11:47:51+00:00\",\"breadcrumb\":{\"@id\":\"https:\/\/trim-nauticadecking.com\/de\/plasdeck-services\/schluesselfertiger-service\/#breadcrumb\"},\"inLanguage\":\"de\",\"potentialAction\":[{\"@type\":\"ReadAction\",\"target\":[\"https:\/\/trim-nauticadecking.com\/de\/plasdeck-services\/schluesselfertiger-service\/\"]}]},{\"@type\":\"BreadcrumbList\",\"@id\":\"https:\/\/trim-nauticadecking.com\/de\/plasdeck-services\/schluesselfertiger-service\/#breadcrumb\",\"itemListElement\":[{\"@type\":\"ListItem\",\"position\":1,\"name\":\"Po\u010detna stranica\",\"item\":\"https:\/\/trim-nauticadecking.com\/de\/\"},{\"@type\":\"ListItem\",\"position\":2,\"name\":\"PlasDECK services\",\"item\":\"https:\/\/trim-nauticadecking.com\/de\/plasdeck-services\/\"},{\"@type\":\"ListItem\",\"position\":3,\"name\":\"SCHL\u00dcSSELFERTIGER SERVICE\"}]},{\"@type\":\"WebSite\",\"@id\":\"https:\/\/trim-nauticadecking.com\/de\/#website\",\"url\":\"https:\/\/trim-nauticadecking.com\/de\/\",\"name\":\"Teak decking by triM Nautica\",\"description\":\"K\u00fcnstliches Teakholz | TEAK-Decks \u2013 k\u00fcnstliches Teakholz | PlasDECK | Installation\",\"publisher\":{\"@id\":\"https:\/\/trim-nauticadecking.com\/de\/#organization\"},\"potentialAction\":[{\"@type\":\"SearchAction\",\"target\":{\"@type\":\"EntryPoint\",\"urlTemplate\":\"https:\/\/trim-nauticadecking.com\/de\/?s={search_term_string}\"},\"query-input\":{\"@type\":\"PropertyValueSpecification\",\"valueRequired\":true,\"valueName\":\"search_term_string\"}}],\"inLanguage\":\"de\"},{\"@type\":\"Organization\",\"@id\":\"https:\/\/trim-nauticadecking.com\/de\/#organization\",\"name\":\"Teak decking by triM Nautica\",\"url\":\"https:\/\/trim-nauticadecking.com\/de\/\",\"logo\":{\"@type\":\"ImageObject\",\"inLanguage\":\"de\",\"@id\":\"https:\/\/trim-nauticadecking.com\/de\/#\/schema\/logo\/image\/\",\"url\":\"https:\/\/trim-nauticadecking.com\/wp-content\/uploads\/2021\/08\/Teak-Decking-logo-185x40px.svg\",\"contentUrl\":\"https:\/\/trim-nauticadecking.com\/wp-content\/uploads\/2021\/08\/Teak-Decking-logo-185x40px.svg\",\"width\":100,\"height\":100,\"caption\":\"Teak decking by triM Nautica\"},\"image\":{\"@id\":\"https:\/\/trim-nauticadecking.com\/de\/#\/schema\/logo\/image\/\"}}]}<\/script>\n<!-- \/ Yoast SEO plugin. -->","yoast_head_json":{"title":"SCHL\u00dcSSELFERTIGER SERVICE - Teak decking by triM Nautica","robots":{"index":"index","follow":"follow","max-snippet":"max-snippet:-1","max-image-preview":"max-image-preview:large","max-video-preview":"max-video-preview:-1"},"canonical":"https:\/\/trim-nauticadecking.com\/de\/plasdeck-services\/schluesselfertiger-service\/","og_locale":"de_DE","og_type":"article","og_title":"SCHL\u00dcSSELFERTIGER SERVICE - Teak decking by triM Nautica","og_description":"DIAGNOSTISCH Das TEAKdecking\u00ae\ufe0f-Team von Fachleuten kommt auf Anfrage zu Ihrem Boot und f\u00fchrt in \u00dcbereinstimmung mit Ihnen eine Gutachten durch, dass das Schablonendesign (Vorlage) und das Teakholzdesign umfasst. Wir werden das gesamte Boot inspizieren und Sie beraten, welche L\u00f6sung die Beste w\u00e4re. Jedes Boot ist individuell und wir haben umfangreiche Erfahrung im Betrieb. HERSTELLUNG TEAKHOLZ [&hellip;]","og_url":"https:\/\/trim-nauticadecking.com\/de\/plasdeck-services\/schluesselfertiger-service\/","og_site_name":"Teak decking by triM Nautica","article_modified_time":"2022-02-16T11:47:51+00:00","twitter_card":"summary_large_image","twitter_misc":{"Gesch\u00e4tzte Lesezeit":"2\u00a0Minuten"},"schema":{"@context":"https:\/\/schema.org","@graph":[{"@type":"WebPage","@id":"https:\/\/trim-nauticadecking.com\/de\/plasdeck-services\/schluesselfertiger-service\/","url":"https:\/\/trim-nauticadecking.com\/de\/plasdeck-services\/schluesselfertiger-service\/","name":"SCHL\u00dcSSELFERTIGER SERVICE - Teak decking by triM Nautica","isPartOf":{"@id":"https:\/\/trim-nauticadecking.com\/de\/#website"},"datePublished":"2021-12-16T15:56:20+00:00","dateModified":"2022-02-16T11:47:51+00:00","breadcrumb":{"@id":"https:\/\/trim-nauticadecking.com\/de\/plasdeck-services\/schluesselfertiger-service\/#breadcrumb"},"inLanguage":"de","potentialAction":[{"@type":"ReadAction","target":["https:\/\/trim-nauticadecking.com\/de\/plasdeck-services\/schluesselfertiger-service\/"]}]},{"@type":"BreadcrumbList","@id":"https:\/\/trim-nauticadecking.com\/de\/plasdeck-services\/schluesselfertiger-service\/#breadcrumb","itemListElement":[{"@type":"ListItem","position":1,"name":"Po\u010detna stranica","item":"https:\/\/trim-nauticadecking.com\/de\/"},{"@type":"ListItem","position":2,"name":"PlasDECK services","item":"https:\/\/trim-nauticadecking.com\/de\/plasdeck-services\/"},{"@type":"ListItem","position":3,"name":"SCHL\u00dcSSELFERTIGER SERVICE"}]},{"@type":"WebSite","@id":"https:\/\/trim-nauticadecking.com\/de\/#website","url":"https:\/\/trim-nauticadecking.com\/de\/","name":"Teak decking by triM Nautica","description":"K\u00fcnstliches Teakholz | TEAK-Decks \u2013 k\u00fcnstliches Teakholz | PlasDECK | Installation","publisher":{"@id":"https:\/\/trim-nauticadecking.com\/de\/#organization"},"potentialAction":[{"@type":"SearchAction","target":{"@type":"EntryPoint","urlTemplate":"https:\/\/trim-nauticadecking.com\/de\/?s={search_term_string}"},"query-input":{"@type":"PropertyValueSpecification","valueRequired":true,"valueName":"search_term_string"}}],"inLanguage":"de"},{"@type":"Organization","@id":"https:\/\/trim-nauticadecking.com\/de\/#organization","name":"Teak decking by triM Nautica","url":"https:\/\/trim-nauticadecking.com\/de\/","logo":{"@type":"ImageObject","inLanguage":"de","@id":"https:\/\/trim-nauticadecking.com\/de\/#\/schema\/logo\/image\/","url":"https:\/\/trim-nauticadecking.com\/wp-content\/uploads\/2021\/08\/Teak-Decking-logo-185x40px.svg","contentUrl":"https:\/\/trim-nauticadecking.com\/wp-content\/uploads\/2021\/08\/Teak-Decking-logo-185x40px.svg","width":100,"height":100,"caption":"Teak decking by triM Nautica"},"image":{"@id":"https:\/\/trim-nauticadecking.com\/de\/#\/schema\/logo\/image\/"}}]}},"_links":{"self":[{"href":"https:\/\/trim-nauticadecking.com\/de\/wp-json\/wp\/v2\/pages\/20555","targetHints":{"allow":["GET"]}}],"collection":[{"href":"https:\/\/trim-nauticadecking.com\/de\/wp-json\/wp\/v2\/pages"}],"about":[{"href":"https:\/\/trim-nauticadecking.com\/de\/wp-json\/wp\/v2\/types\/page"}],"author":[{"embeddable":true,"href":"https:\/\/trim-nauticadecking.com\/de\/wp-json\/wp\/v2\/users\/3"}],"replies":[{"embeddable":true,"href":"https:\/\/trim-nauticadecking.com\/de\/wp-json\/wp\/v2\/comments?post=20555"}],"version-history":[{"count":2,"href":"https:\/\/trim-nauticadecking.com\/de\/wp-json\/wp\/v2\/pages\/20555\/revisions"}],"predecessor-version":[{"id":20801,"href":"https:\/\/trim-nauticadecking.com\/de\/wp-json\/wp\/v2\/pages\/20555\/revisions\/20801"}],"up":[{"embeddable":true,"href":"https:\/\/trim-nauticadecking.com\/de\/wp-json\/wp\/v2\/pages\/20552"}],"wp:attachment":[{"href":"https:\/\/trim-nauticadecking.com\/de\/wp-json\/wp\/v2\/media?parent=20555"}],"curies":[{"name":"wp","href":"https:\/\/api.w.org\/{rel}","templated":true}]}}