{"id":20560,"date":"2021-12-16T15:57:14","date_gmt":"2021-12-16T15:57:14","guid":{"rendered":"https:\/\/teakdecking.pro\/info\/studie-des-widerstands\/"},"modified":"2022-02-16T13:02:23","modified_gmt":"2022-02-16T13:02:23","slug":"studie-des-widerstands","status":"publish","type":"page","link":"https:\/\/trim-nauticadecking.com\/de\/info\/studie-des-widerstands\/","title":{"rendered":"STUDIE DES WIDERSTANDS"},"content":{"rendered":"\t\t<div data-elementor-type=\"wp-page\" data-elementor-id=\"20560\" class=\"elementor elementor-20560 elementor-209\" data-elementor-post-type=\"page\">\n\t\t\t\t\t\t<section class=\"elementor-section elementor-top-section elementor-element elementor-element-f1184aa elementor-section-boxed elementor-section-height-default elementor-section-height-default\" data-id=\"f1184aa\" data-element_type=\"section\" data-e-type=\"section\">\n\t\t\t\t\t\t<div class=\"elementor-container elementor-column-gap-no\">\n\t\t\t\t\t<div class=\"elementor-column elementor-col-100 elementor-top-column elementor-element elementor-element-a65aea6\" data-id=\"a65aea6\" data-element_type=\"column\" data-e-type=\"column\">\n\t\t\t<div class=\"elementor-widget-wrap elementor-element-populated\">\n\t\t\t\t\t\t<div class=\"elementor-element elementor-element-54ab103 elementor-widget elementor-widget-text-editor\" data-id=\"54ab103\" data-element_type=\"widget\" data-e-type=\"widget\" data-widget_type=\"text-editor.default\">\n\t\t\t\t<div class=\"elementor-widget-container\">\n\t\t\t\t\t\t\t\t\t<p>Alle Arten von Kunststoffen enthalten \u00d6le oder \u201ePlastifiziermittel\u201c. Diese \u00d6le k\u00f6nnen sich normalerweise frei im Kunststoff bewegen. Sie werden an die Oberfl\u00e4che wandern, wo sie gewaschen werden k\u00f6nnen, oder die Plastifiziermittel wandern zum Boden des Materials und gef\u00e4hrden die Klebeverbindung.<\/p>\n<p>\u00d6le in unseren PVC-Kunststoffen bewegen sich nicht, da die \u00d6le an Ort und Stelle verriegelt sind. Das bedeutet, dass PlasDECK im Laufe der Zeit nicht ausl\u00e4uft, rei\u00dft oder bricht und PlasDECK beh\u00e4lt seine \u00fcberlegene Haftung. Dieser firmeneigene Prozess ist einzigartig f\u00fcr das PlasDECK-Substratmaterial und es ist nicht in anderen synthetischen Bodenbelagsprodukten auf dem Markt zu finden. Wir haben zwei US-Patente erhalten (US-Patente 7,578,251 und 7,617,791).<\/p>\n<p>Diese Muster auf dem Bild wurden 500, 1000, 1500, 2000, 2500 Stunden der Sonne ausgesetzt (dh. 500 = 1 Jahr, 5 Jahre = 2500). Die Testbedingungen waren 16 Stunden t\u00e4glich unter UV-Licht bei 70 \u00b0C, wonach die Abk\u00fchlung und Kondensierung auf 50 \u00b0C folgte.<\/p>\n<p>Unterhalb des Bildes sind die eigentlichen Proben, die getestet wurden. Wie Sie sehen k\u00f6nnen, bleibt die Farbe erhalten und es gibt keine Anzeichen von Materialabbau.<\/p>\n<p><strong>Eine Studie \u00fcber die Auswirkungen der Wetterbedingungen auf PlasDECK PVC Vinyl-B\u00f6den, Xenon-Studie \u00fcber Wetterbedingungen SAE J-2527, Studie \u00fcber \u00e4u\u00dfere Einfl\u00fcssen auf Autos<\/strong><\/p>\n\t\t\t\t\t\t\t\t<\/div>\n\t\t\t\t<\/div>\n\t\t\t\t<div class=\"elementor-element elementor-element-ce59169 elementor-widget elementor-widget-image\" data-id=\"ce59169\" data-element_type=\"widget\" data-e-type=\"widget\" data-widget_type=\"image.default\">\n\t\t\t\t<div class=\"elementor-widget-container\">\n\t\t\t\t\t\t\t\t\t\t\t\t\t\t\t<img fetchpriority=\"high\" decoding=\"async\" width=\"1200\" height=\"330\" src=\"https:\/\/trim-nauticadecking.com\/wp-content\/uploads\/2022\/01\/plasdeck-color-test-1200x330-1.jpg\" class=\"attachment-full size-full wp-image-20356\" alt=\"\" srcset=\"https:\/\/trim-nauticadecking.com\/wp-content\/uploads\/2022\/01\/plasdeck-color-test-1200x330-1.jpg 1200w, https:\/\/trim-nauticadecking.com\/wp-content\/uploads\/2022\/01\/plasdeck-color-test-1200x330-1-300x83.jpg 300w, https:\/\/trim-nauticadecking.com\/wp-content\/uploads\/2022\/01\/plasdeck-color-test-1200x330-1-1024x282.jpg 1024w, https:\/\/trim-nauticadecking.com\/wp-content\/uploads\/2022\/01\/plasdeck-color-test-1200x330-1-768x211.jpg 768w\" sizes=\"(max-width: 1200px) 100vw, 1200px\" \/>\t\t\t\t\t\t\t\t\t\t\t\t\t\t\t<\/div>\n\t\t\t\t<\/div>\n\t\t\t\t<div class=\"elementor-element elementor-element-02658f5 elementor-widget elementor-widget-image-gallery\" data-id=\"02658f5\" data-element_type=\"widget\" data-e-type=\"widget\" data-widget_type=\"image-gallery.default\">\n\t\t\t\t<div class=\"elementor-widget-container\">\n\t\t\t\t\t\t\t<div class=\"elementor-image-gallery\">\n\t\t\t<div id='gallery-1' class='gallery galleryid-20560 gallery-columns-4 gallery-size-full'><figure class='gallery-item'>\n\t\t\t<div class='gallery-icon landscape'>\n\t\t\t\t<img decoding=\"async\" width=\"400\" height=\"325\" src=\"https:\/\/trim-nauticadecking.com\/wp-content\/uploads\/2022\/01\/PlasDECK_Study_004.gif\" class=\"attachment-full size-full\" alt=\"\" \/>\n\t\t\t<\/div><\/figure><figure class='gallery-item'>\n\t\t\t<div class='gallery-icon landscape'>\n\t\t\t\t<img decoding=\"async\" width=\"400\" height=\"325\" src=\"https:\/\/trim-nauticadecking.com\/wp-content\/uploads\/2022\/01\/PlasDECK_Study_003.gif\" class=\"attachment-full size-full\" alt=\"\" \/>\n\t\t\t<\/div><\/figure><figure class='gallery-item'>\n\t\t\t<div class='gallery-icon portrait'>\n\t\t\t\t<img loading=\"lazy\" decoding=\"async\" width=\"400\" height=\"500\" src=\"https:\/\/trim-nauticadecking.com\/wp-content\/uploads\/2022\/01\/PlasDECK_Study_002.gif\" class=\"attachment-full size-full\" alt=\"\" \/>\n\t\t\t<\/div><\/figure><figure class='gallery-item'>\n\t\t\t<div class='gallery-icon landscape'>\n\t\t\t\t<img loading=\"lazy\" decoding=\"async\" width=\"400\" height=\"325\" src=\"https:\/\/trim-nauticadecking.com\/wp-content\/uploads\/2022\/01\/PlasDECK_Study_001.gif\" class=\"attachment-full size-full\" alt=\"\" \/>\n\t\t\t<\/div><\/figure>\n\t\t<\/div>\n\t\t<\/div>\n\t\t\t\t\t\t<\/div>\n\t\t\t\t<\/div>\n\t\t\t\t\t<\/div>\n\t\t<\/div>\n\t\t\t\t\t<\/div>\n\t\t<\/section>\n\t\t\t\t<\/div>\n\t\t","protected":false},"excerpt":{"rendered":"<p>Alle Arten von Kunststoffen enthalten \u00d6le oder \u201ePlastifiziermittel\u201c. Diese \u00d6le k\u00f6nnen sich normalerweise frei im Kunststoff bewegen. Sie werden an die Oberfl\u00e4che wandern, wo sie gewaschen werden k\u00f6nnen, oder die Plastifiziermittel wandern zum Boden des Materials und gef\u00e4hrden die Klebeverbindung. \u00d6le in unseren PVC-Kunststoffen bewegen sich nicht, da die \u00d6le an Ort und Stelle verriegelt [&hellip;]<\/p>\n","protected":false},"author":3,"featured_media":20366,"parent":20557,"menu_order":1,"comment_status":"closed","ping_status":"closed","template":"","meta":{"footnotes":""},"class_list":["post-20560","page","type-page","status-publish","has-post-thumbnail","hentry"],"yoast_head":"<!-- This site is optimized with the Yoast SEO plugin v27.2 - https:\/\/yoast.com\/product\/yoast-seo-wordpress\/ -->\n<title>STUDIE DES WIDERSTANDS - Teak decking by triM Nautica<\/title>\n<meta name=\"robots\" content=\"index, follow, max-snippet:-1, max-image-preview:large, max-video-preview:-1\" \/>\n<link rel=\"canonical\" href=\"https:\/\/trim-nauticadecking.com\/de\/info\/studie-des-widerstands\/\" \/>\n<meta property=\"og:locale\" content=\"de_DE\" \/>\n<meta property=\"og:type\" content=\"article\" \/>\n<meta property=\"og:title\" content=\"STUDIE DES WIDERSTANDS - Teak decking by triM Nautica\" \/>\n<meta property=\"og:description\" content=\"Alle Arten von Kunststoffen enthalten \u00d6le oder \u201ePlastifiziermittel\u201c. Diese \u00d6le k\u00f6nnen sich normalerweise frei im Kunststoff bewegen. Sie werden an die Oberfl\u00e4che wandern, wo sie gewaschen werden k\u00f6nnen, oder die Plastifiziermittel wandern zum Boden des Materials und gef\u00e4hrden die Klebeverbindung. \u00d6le in unseren PVC-Kunststoffen bewegen sich nicht, da die \u00d6le an Ort und Stelle verriegelt [&hellip;]\" \/>\n<meta property=\"og:url\" content=\"https:\/\/trim-nauticadecking.com\/de\/info\/studie-des-widerstands\/\" \/>\n<meta property=\"og:site_name\" content=\"Teak decking by triM Nautica\" \/>\n<meta property=\"article:modified_time\" content=\"2022-02-16T13:02:23+00:00\" \/>\n<meta property=\"og:image\" content=\"https:\/\/trim-nauticadecking.com\/wp-content\/uploads\/2022\/01\/file-9-002-edit.jpg\" \/>\n\t<meta property=\"og:image:width\" content=\"2048\" \/>\n\t<meta property=\"og:image:height\" content=\"1050\" \/>\n\t<meta property=\"og:image:type\" content=\"image\/jpeg\" \/>\n<meta name=\"twitter:card\" content=\"summary_large_image\" \/>\n<meta name=\"twitter:label1\" content=\"Gesch\u00e4tzte Lesezeit\" \/>\n\t<meta name=\"twitter:data1\" content=\"1\u00a0Minute\" \/>\n<script type=\"application\/ld+json\" class=\"yoast-schema-graph\">{\"@context\":\"https:\/\/schema.org\",\"@graph\":[{\"@type\":\"WebPage\",\"@id\":\"https:\/\/trim-nauticadecking.com\/de\/info\/studie-des-widerstands\/\",\"url\":\"https:\/\/trim-nauticadecking.com\/de\/info\/studie-des-widerstands\/\",\"name\":\"STUDIE DES WIDERSTANDS - Teak decking by triM Nautica\",\"isPartOf\":{\"@id\":\"https:\/\/trim-nauticadecking.com\/de\/#website\"},\"primaryImageOfPage\":{\"@id\":\"https:\/\/trim-nauticadecking.com\/de\/info\/studie-des-widerstands\/#primaryimage\"},\"image\":{\"@id\":\"https:\/\/trim-nauticadecking.com\/de\/info\/studie-des-widerstands\/#primaryimage\"},\"thumbnailUrl\":\"https:\/\/trim-nauticadecking.com\/wp-content\/uploads\/2022\/01\/file-9-002-edit.jpg\",\"datePublished\":\"2021-12-16T15:57:14+00:00\",\"dateModified\":\"2022-02-16T13:02:23+00:00\",\"breadcrumb\":{\"@id\":\"https:\/\/trim-nauticadecking.com\/de\/info\/studie-des-widerstands\/#breadcrumb\"},\"inLanguage\":\"de\",\"potentialAction\":[{\"@type\":\"ReadAction\",\"target\":[\"https:\/\/trim-nauticadecking.com\/de\/info\/studie-des-widerstands\/\"]}]},{\"@type\":\"ImageObject\",\"inLanguage\":\"de\",\"@id\":\"https:\/\/trim-nauticadecking.com\/de\/info\/studie-des-widerstands\/#primaryimage\",\"url\":\"https:\/\/trim-nauticadecking.com\/wp-content\/uploads\/2022\/01\/file-9-002-edit.jpg\",\"contentUrl\":\"https:\/\/trim-nauticadecking.com\/wp-content\/uploads\/2022\/01\/file-9-002-edit.jpg\",\"width\":2048,\"height\":1050},{\"@type\":\"BreadcrumbList\",\"@id\":\"https:\/\/trim-nauticadecking.com\/de\/info\/studie-des-widerstands\/#breadcrumb\",\"itemListElement\":[{\"@type\":\"ListItem\",\"position\":1,\"name\":\"Po\u010detna stranica\",\"item\":\"https:\/\/trim-nauticadecking.com\/de\/\"},{\"@type\":\"ListItem\",\"position\":2,\"name\":\"Info\",\"item\":\"https:\/\/trim-nauticadecking.com\/de\/info\/\"},{\"@type\":\"ListItem\",\"position\":3,\"name\":\"STUDIE DES WIDERSTANDS\"}]},{\"@type\":\"WebSite\",\"@id\":\"https:\/\/trim-nauticadecking.com\/de\/#website\",\"url\":\"https:\/\/trim-nauticadecking.com\/de\/\",\"name\":\"Teak decking by triM Nautica\",\"description\":\"K\u00fcnstliches Teakholz | TEAK-Decks \u2013 k\u00fcnstliches Teakholz | PlasDECK | Installation\",\"publisher\":{\"@id\":\"https:\/\/trim-nauticadecking.com\/de\/#organization\"},\"potentialAction\":[{\"@type\":\"SearchAction\",\"target\":{\"@type\":\"EntryPoint\",\"urlTemplate\":\"https:\/\/trim-nauticadecking.com\/de\/?s={search_term_string}\"},\"query-input\":{\"@type\":\"PropertyValueSpecification\",\"valueRequired\":true,\"valueName\":\"search_term_string\"}}],\"inLanguage\":\"de\"},{\"@type\":\"Organization\",\"@id\":\"https:\/\/trim-nauticadecking.com\/de\/#organization\",\"name\":\"Teak decking by triM Nautica\",\"url\":\"https:\/\/trim-nauticadecking.com\/de\/\",\"logo\":{\"@type\":\"ImageObject\",\"inLanguage\":\"de\",\"@id\":\"https:\/\/trim-nauticadecking.com\/de\/#\/schema\/logo\/image\/\",\"url\":\"https:\/\/trim-nauticadecking.com\/wp-content\/uploads\/2021\/08\/Teak-Decking-logo-185x40px.svg\",\"contentUrl\":\"https:\/\/trim-nauticadecking.com\/wp-content\/uploads\/2021\/08\/Teak-Decking-logo-185x40px.svg\",\"width\":100,\"height\":100,\"caption\":\"Teak decking by triM Nautica\"},\"image\":{\"@id\":\"https:\/\/trim-nauticadecking.com\/de\/#\/schema\/logo\/image\/\"}}]}<\/script>\n<!-- \/ Yoast SEO plugin. -->","yoast_head_json":{"title":"STUDIE DES WIDERSTANDS - Teak decking by triM Nautica","robots":{"index":"index","follow":"follow","max-snippet":"max-snippet:-1","max-image-preview":"max-image-preview:large","max-video-preview":"max-video-preview:-1"},"canonical":"https:\/\/trim-nauticadecking.com\/de\/info\/studie-des-widerstands\/","og_locale":"de_DE","og_type":"article","og_title":"STUDIE DES WIDERSTANDS - Teak decking by triM Nautica","og_description":"Alle Arten von Kunststoffen enthalten \u00d6le oder \u201ePlastifiziermittel\u201c. Diese \u00d6le k\u00f6nnen sich normalerweise frei im Kunststoff bewegen. Sie werden an die Oberfl\u00e4che wandern, wo sie gewaschen werden k\u00f6nnen, oder die Plastifiziermittel wandern zum Boden des Materials und gef\u00e4hrden die Klebeverbindung. \u00d6le in unseren PVC-Kunststoffen bewegen sich nicht, da die \u00d6le an Ort und Stelle verriegelt [&hellip;]","og_url":"https:\/\/trim-nauticadecking.com\/de\/info\/studie-des-widerstands\/","og_site_name":"Teak decking by triM Nautica","article_modified_time":"2022-02-16T13:02:23+00:00","og_image":[{"width":2048,"height":1050,"url":"https:\/\/trim-nauticadecking.com\/wp-content\/uploads\/2022\/01\/file-9-002-edit.jpg","type":"image\/jpeg"}],"twitter_card":"summary_large_image","twitter_misc":{"Gesch\u00e4tzte Lesezeit":"1\u00a0Minute"},"schema":{"@context":"https:\/\/schema.org","@graph":[{"@type":"WebPage","@id":"https:\/\/trim-nauticadecking.com\/de\/info\/studie-des-widerstands\/","url":"https:\/\/trim-nauticadecking.com\/de\/info\/studie-des-widerstands\/","name":"STUDIE DES WIDERSTANDS - Teak decking by triM Nautica","isPartOf":{"@id":"https:\/\/trim-nauticadecking.com\/de\/#website"},"primaryImageOfPage":{"@id":"https:\/\/trim-nauticadecking.com\/de\/info\/studie-des-widerstands\/#primaryimage"},"image":{"@id":"https:\/\/trim-nauticadecking.com\/de\/info\/studie-des-widerstands\/#primaryimage"},"thumbnailUrl":"https:\/\/trim-nauticadecking.com\/wp-content\/uploads\/2022\/01\/file-9-002-edit.jpg","datePublished":"2021-12-16T15:57:14+00:00","dateModified":"2022-02-16T13:02:23+00:00","breadcrumb":{"@id":"https:\/\/trim-nauticadecking.com\/de\/info\/studie-des-widerstands\/#breadcrumb"},"inLanguage":"de","potentialAction":[{"@type":"ReadAction","target":["https:\/\/trim-nauticadecking.com\/de\/info\/studie-des-widerstands\/"]}]},{"@type":"ImageObject","inLanguage":"de","@id":"https:\/\/trim-nauticadecking.com\/de\/info\/studie-des-widerstands\/#primaryimage","url":"https:\/\/trim-nauticadecking.com\/wp-content\/uploads\/2022\/01\/file-9-002-edit.jpg","contentUrl":"https:\/\/trim-nauticadecking.com\/wp-content\/uploads\/2022\/01\/file-9-002-edit.jpg","width":2048,"height":1050},{"@type":"BreadcrumbList","@id":"https:\/\/trim-nauticadecking.com\/de\/info\/studie-des-widerstands\/#breadcrumb","itemListElement":[{"@type":"ListItem","position":1,"name":"Po\u010detna stranica","item":"https:\/\/trim-nauticadecking.com\/de\/"},{"@type":"ListItem","position":2,"name":"Info","item":"https:\/\/trim-nauticadecking.com\/de\/info\/"},{"@type":"ListItem","position":3,"name":"STUDIE DES WIDERSTANDS"}]},{"@type":"WebSite","@id":"https:\/\/trim-nauticadecking.com\/de\/#website","url":"https:\/\/trim-nauticadecking.com\/de\/","name":"Teak decking by triM Nautica","description":"K\u00fcnstliches Teakholz | TEAK-Decks \u2013 k\u00fcnstliches Teakholz | PlasDECK | Installation","publisher":{"@id":"https:\/\/trim-nauticadecking.com\/de\/#organization"},"potentialAction":[{"@type":"SearchAction","target":{"@type":"EntryPoint","urlTemplate":"https:\/\/trim-nauticadecking.com\/de\/?s={search_term_string}"},"query-input":{"@type":"PropertyValueSpecification","valueRequired":true,"valueName":"search_term_string"}}],"inLanguage":"de"},{"@type":"Organization","@id":"https:\/\/trim-nauticadecking.com\/de\/#organization","name":"Teak decking by triM Nautica","url":"https:\/\/trim-nauticadecking.com\/de\/","logo":{"@type":"ImageObject","inLanguage":"de","@id":"https:\/\/trim-nauticadecking.com\/de\/#\/schema\/logo\/image\/","url":"https:\/\/trim-nauticadecking.com\/wp-content\/uploads\/2021\/08\/Teak-Decking-logo-185x40px.svg","contentUrl":"https:\/\/trim-nauticadecking.com\/wp-content\/uploads\/2021\/08\/Teak-Decking-logo-185x40px.svg","width":100,"height":100,"caption":"Teak decking by triM Nautica"},"image":{"@id":"https:\/\/trim-nauticadecking.com\/de\/#\/schema\/logo\/image\/"}}]}},"_links":{"self":[{"href":"https:\/\/trim-nauticadecking.com\/de\/wp-json\/wp\/v2\/pages\/20560","targetHints":{"allow":["GET"]}}],"collection":[{"href":"https:\/\/trim-nauticadecking.com\/de\/wp-json\/wp\/v2\/pages"}],"about":[{"href":"https:\/\/trim-nauticadecking.com\/de\/wp-json\/wp\/v2\/types\/page"}],"author":[{"embeddable":true,"href":"https:\/\/trim-nauticadecking.com\/de\/wp-json\/wp\/v2\/users\/3"}],"replies":[{"embeddable":true,"href":"https:\/\/trim-nauticadecking.com\/de\/wp-json\/wp\/v2\/comments?post=20560"}],"version-history":[{"count":2,"href":"https:\/\/trim-nauticadecking.com\/de\/wp-json\/wp\/v2\/pages\/20560\/revisions"}],"predecessor-version":[{"id":20915,"href":"https:\/\/trim-nauticadecking.com\/de\/wp-json\/wp\/v2\/pages\/20560\/revisions\/20915"}],"up":[{"embeddable":true,"href":"https:\/\/trim-nauticadecking.com\/de\/wp-json\/wp\/v2\/pages\/20557"}],"wp:featuredmedia":[{"embeddable":true,"href":"https:\/\/trim-nauticadecking.com\/de\/wp-json\/wp\/v2\/media\/20366"}],"wp:attachment":[{"href":"https:\/\/trim-nauticadecking.com\/de\/wp-json\/wp\/v2\/media?parent=20560"}],"curies":[{"name":"wp","href":"https:\/\/api.w.org\/{rel}","templated":true}]}}