{"id":20576,"date":"2022-02-04T06:42:42","date_gmt":"2022-02-04T06:42:42","guid":{"rendered":"https:\/\/teakdecking.pro\/ueber-uns\/werden-sie-partner\/kurs-fuer-installateure\/"},"modified":"2025-03-08T11:51:02","modified_gmt":"2025-03-08T11:51:02","slug":"kurs-fuer-installateure","status":"publish","type":"page","link":"https:\/\/trim-nauticadecking.com\/de\/ueber-uns\/werden-sie-partner\/kurs-fuer-installateure\/","title":{"rendered":"KURS F\u00dcR INSTALLATEURE"},"content":{"rendered":"\t\t<div data-elementor-type=\"wp-page\" data-elementor-id=\"20576\" class=\"elementor elementor-20576 elementor-20448\" data-elementor-post-type=\"page\">\n\t\t\t\t\t\t<section class=\"elementor-section elementor-top-section elementor-element elementor-element-fc695e6 elementor-section-boxed elementor-section-height-default elementor-section-height-default\" data-id=\"fc695e6\" data-element_type=\"section\" data-e-type=\"section\">\n\t\t\t\t\t\t<div class=\"elementor-container elementor-column-gap-no\">\n\t\t\t\t\t<div class=\"elementor-column elementor-col-50 elementor-top-column elementor-element elementor-element-3a49f47\" data-id=\"3a49f47\" data-element_type=\"column\" data-e-type=\"column\">\n\t\t\t<div class=\"elementor-widget-wrap elementor-element-populated\">\n\t\t\t\t\t\t<div class=\"elementor-element elementor-element-e209ef6 elementor-widget elementor-widget-image\" data-id=\"e209ef6\" data-element_type=\"widget\" data-e-type=\"widget\" data-widget_type=\"image.default\">\n\t\t\t\t<div class=\"elementor-widget-container\">\n\t\t\t\t\t\t\t\t\t\t\t\t\t\t\t<img fetchpriority=\"high\" decoding=\"async\" width=\"768\" height=\"576\" src=\"https:\/\/trim-nauticadecking.com\/wp-content\/uploads\/2022\/02\/IMG_3043-768x576.jpeg\" class=\"attachment-medium_large size-medium_large wp-image-20452\" alt=\"\" srcset=\"https:\/\/trim-nauticadecking.com\/wp-content\/uploads\/2022\/02\/IMG_3043-768x576.jpeg 768w, https:\/\/trim-nauticadecking.com\/wp-content\/uploads\/2022\/02\/IMG_3043-300x225.jpeg 300w, https:\/\/trim-nauticadecking.com\/wp-content\/uploads\/2022\/02\/IMG_3043-1024x768.jpeg 1024w, https:\/\/trim-nauticadecking.com\/wp-content\/uploads\/2022\/02\/IMG_3043-1536x1152.jpeg 1536w, https:\/\/trim-nauticadecking.com\/wp-content\/uploads\/2022\/02\/IMG_3043.jpeg 2048w\" sizes=\"(max-width: 768px) 100vw, 768px\" \/>\t\t\t\t\t\t\t\t\t\t\t\t\t\t\t<\/div>\n\t\t\t\t<\/div>\n\t\t\t\t<div class=\"elementor-element elementor-element-84f8076 elementor-widget elementor-widget-text-editor\" data-id=\"84f8076\" data-element_type=\"widget\" data-e-type=\"widget\" data-widget_type=\"text-editor.default\">\n\t\t\t\t<div class=\"elementor-widget-container\">\n\t\t\t\t\t\t\t\t\t<p>Wenn Sie Ihren nautischen Gesch\u00e4ft erweitern oder und wenn Sie ein <strong>Installateur<\/strong> werden m\u00f6chten, wir organisieren individuelle Schulungen zum zertifizierten Installateur von TEAKdecking f\u00fcr eigene Gegend bzw in \u00d6sterreich. Wir werden Ihnen die <em>Technik Grundlagen<\/em>, <em>Tricks<\/em> und vieles mehr was dieses Beruf anbieten kann, zeigen, um Einbau der neuen Generation der synthetischer Teak.<\/p>\n<p>F\u00fcr weitere Gesch\u00e4fts fragen, f\u00fchlen Sie sich frei zu melden.<\/p>\n\t\t\t\t\t\t\t\t<\/div>\n\t\t\t\t<\/div>\n\t\t\t\t\t<\/div>\n\t\t<\/div>\n\t\t\t\t<div class=\"elementor-column elementor-col-50 elementor-top-column elementor-element elementor-element-0753dce\" data-id=\"0753dce\" data-element_type=\"column\" data-e-type=\"column\">\n\t\t\t<div class=\"elementor-widget-wrap elementor-element-populated\">\n\t\t\t\t\t\t<div class=\"elementor-element elementor-element-f8a5338 elementor-invisible elementor-widget elementor-widget-heading\" data-id=\"f8a5338\" data-element_type=\"widget\" data-e-type=\"widget\" data-settings=\"{&quot;_animation&quot;:&quot;fadeInUp&quot;}\" data-widget_type=\"heading.default\">\n\t\t\t\t<div class=\"elementor-widget-container\">\n\t\t\t\t\t<h2 class=\"elementor-heading-title elementor-size-default\">Einen <b>Antrag<\/b> stellen<\/h2>\t\t\t\t<\/div>\n\t\t\t\t<\/div>\n\t\t\t\t<div class=\"elementor-element elementor-element-96f0e9f elementor-button-align-end kontaktforma elementor-invisible elementor-widget elementor-widget-form\" data-id=\"96f0e9f\" data-element_type=\"widget\" data-e-type=\"widget\" data-settings=\"{&quot;step_next_label&quot;:&quot;N\\u00e4chste&quot;,&quot;step_previous_label&quot;:&quot;Vorher&quot;,&quot;_animation&quot;:&quot;fadeInUp&quot;,&quot;_animation_delay&quot;:400,&quot;button_width&quot;:&quot;100&quot;,&quot;step_type&quot;:&quot;number_text&quot;,&quot;step_icon_shape&quot;:&quot;circle&quot;}\" data-widget_type=\"form.default\">\n\t\t\t\t<div class=\"elementor-widget-container\">\n\t\t\t\t\t\t\t<form class=\"elementor-form\" method=\"post\" name=\"Prijava - te\u010daj za instalatere DE\" aria-label=\"Prijava - te\u010daj za instalatere DE\">\n\t\t\t<input type=\"hidden\" name=\"post_id\" value=\"20576\"\/>\n\t\t\t<input type=\"hidden\" name=\"form_id\" value=\"96f0e9f\"\/>\n\t\t\t<input type=\"hidden\" name=\"referer_title\" value=\"Teak decking by triM Nautica\" \/>\n\n\t\t\t\n\t\t\t<div class=\"elementor-form-fields-wrapper elementor-labels-above\">\n\t\t\t\t\t\t\t\t<div class=\"elementor-field-type-hidden elementor-field-group elementor-column elementor-field-group-posao elementor-col-100\">\n\t\t\t\t\t\t\t\t\t\t\t\t\t<input size=\"1\" type=\"hidden\" name=\"form_fields[posao]\" id=\"form-field-posao\" class=\"elementor-field elementor-size-md  elementor-field-textual\" value=\"KURS F\u00dcR INSTALLATEURE\">\n\t\t\t\t\t\t\t\t\t\t\t<\/div>\n\t\t\t\t\t\t\t\t<div class=\"elementor-field-type-text elementor-field-group elementor-column elementor-field-group-ime elementor-col-100 elementor-field-required elementor-mark-required\">\n\t\t\t\t\t\t\t\t\t\t\t\t<label for=\"form-field-ime\" class=\"elementor-field-label\">\n\t\t\t\t\t\t\t\tIhr Vor- und Nachname\t\t\t\t\t\t\t<\/label>\n\t\t\t\t\t\t\t\t\t\t\t\t\t\t<input size=\"1\" type=\"text\" name=\"form_fields[ime]\" id=\"form-field-ime\" class=\"elementor-field elementor-size-md  elementor-field-textual\" required=\"required\">\n\t\t\t\t\t\t\t\t\t\t\t<\/div>\n\t\t\t\t\t\t\t\t<div class=\"elementor-field-type-email elementor-field-group elementor-column elementor-field-group-email elementor-col-100 elementor-field-required elementor-mark-required\">\n\t\t\t\t\t\t\t\t\t\t\t\t<label for=\"form-field-email\" class=\"elementor-field-label\">\n\t\t\t\t\t\t\t\tE-Mail-Addresse\t\t\t\t\t\t\t<\/label>\n\t\t\t\t\t\t\t\t\t\t\t\t\t\t<input size=\"1\" type=\"email\" name=\"form_fields[email]\" id=\"form-field-email\" class=\"elementor-field elementor-size-md  elementor-field-textual\" required=\"required\">\n\t\t\t\t\t\t\t\t\t\t\t<\/div>\n\t\t\t\t\t\t\t\t<div class=\"elementor-field-type-text\">\n\t\t\t\t\t<input size=\"1\" type=\"text\" name=\"form_fields[repeat_email]\" id=\"form-field-repeat_email\" class=\"elementor-field elementor-size-md \" style=\"display:none !important;\">\t\t\t\t<\/div>\n\t\t\t\t\t\t\t\t<div class=\"elementor-field-type-text elementor-field-group elementor-column elementor-field-group-telefon elementor-col-100\">\n\t\t\t\t\t\t\t\t\t\t\t\t<label for=\"form-field-telefon\" class=\"elementor-field-label\">\n\t\t\t\t\t\t\t\tTelefon\t\t\t\t\t\t\t<\/label>\n\t\t\t\t\t\t\t\t\t\t\t\t\t\t<input size=\"1\" type=\"text\" name=\"form_fields[telefon]\" id=\"form-field-telefon\" class=\"elementor-field elementor-size-md  elementor-field-textual\">\n\t\t\t\t\t\t\t\t\t\t\t<\/div>\n\t\t\t\t\t\t\t\t<div class=\"elementor-field-type-text elementor-field-group elementor-column elementor-field-group-tvrtka elementor-col-100\">\n\t\t\t\t\t\t\t\t\t\t\t\t<label for=\"form-field-tvrtka\" class=\"elementor-field-label\">\n\t\t\t\t\t\t\t\tName der Firma\t\t\t\t\t\t\t<\/label>\n\t\t\t\t\t\t\t\t\t\t\t\t\t\t<input size=\"1\" type=\"text\" name=\"form_fields[tvrtka]\" id=\"form-field-tvrtka\" class=\"elementor-field elementor-size-md  elementor-field-textual\">\n\t\t\t\t\t\t\t\t\t\t\t<\/div>\n\t\t\t\t\t\t\t\t<div class=\"elementor-field-type-text elementor-field-group elementor-column elementor-field-group-zupanija elementor-col-100 elementor-field-required elementor-mark-required\">\n\t\t\t\t\t\t\t\t\t\t\t\t<label for=\"form-field-zupanija\" class=\"elementor-field-label\">\n\t\t\t\t\t\t\t\tZustand\t\t\t\t\t\t\t<\/label>\n\t\t\t\t\t\t\t\t\t\t\t\t\t\t<input size=\"1\" type=\"text\" name=\"form_fields[zupanija]\" id=\"form-field-zupanija\" class=\"elementor-field elementor-size-md  elementor-field-textual\" required=\"required\">\n\t\t\t\t\t\t\t\t\t\t\t<\/div>\n\t\t\t\t\t\t\t\t<div class=\"elementor-field-type-upload elementor-field-group elementor-column elementor-field-group-prilog elementor-col-100\">\n\t\t\t\t\t\t\t\t\t\t\t\t<label for=\"form-field-prilog\" class=\"elementor-field-label\">\n\t\t\t\t\t\t\t\tBewerbung, Motivationsschreiben etc. beif\u00fcgen (max. 3 Dokumente).\t\t\t\t\t\t\t<\/label>\n\t\t\t\t\t\t\t\t<input type=\"file\" name=\"form_fields[prilog][]\" id=\"form-field-prilog\" class=\"elementor-field elementor-size-md  elementor-upload-field\" multiple=\"multiple\" data-maxsize=\"25\" data-maxsize-message=\"Diese Datei \u00fcbersteigt die maximale Dateigr\u00f6\u00dfe.\">\n\n\t\t\t\t\t\t<\/div>\n\t\t\t\t\t\t\t\t<div class=\"elementor-field-group elementor-column elementor-field-type-submit elementor-col-100 e-form__buttons\">\n\t\t\t\t\t<button class=\"elementor-button elementor-size-sm\" type=\"submit\">\n\t\t\t\t\t\t<span class=\"elementor-button-content-wrapper\">\n\t\t\t\t\t\t\t\t\t\t\t\t\t\t\t<span class=\"elementor-button-icon\">\n\t\t\t\t\t\t\t\t\t<i aria-hidden=\"true\" class=\"fas fa-paper-plane\"><\/i>\t\t\t\t\t\t\t\t\t\t\t\t\t\t\t\t\t<\/span>\n\t\t\t\t\t\t\t\t\t\t\t\t\t\t\t\t\t\t\t\t\t\t<span class=\"elementor-button-text\">Senden<\/span>\n\t\t\t\t\t\t\t\t\t\t\t\t\t<\/span>\n\t\t\t\t\t<\/button>\n\t\t\t\t<\/div>\n\t\t\t<\/div>\n\t\t<\/form>\n\t\t\t\t\t\t<\/div>\n\t\t\t\t<\/div>\n\t\t\t\t\t<\/div>\n\t\t<\/div>\n\t\t\t\t\t<\/div>\n\t\t<\/section>\n\t\t\t\t<\/div>\n\t\t","protected":false},"excerpt":{"rendered":"<p>Wenn Sie Ihren nautischen Gesch\u00e4ft erweitern oder und wenn Sie ein Installateur werden m\u00f6chten, wir organisieren individuelle Schulungen zum zertifizierten Installateur von TEAKdecking f\u00fcr eigene Gegend bzw in \u00d6sterreich. Wir werden Ihnen die Technik Grundlagen, Tricks und vieles mehr was dieses Beruf anbieten kann, zeigen, um Einbau der neuen Generation der synthetischer Teak. F\u00fcr weitere [&hellip;]<\/p>\n","protected":false},"author":3,"featured_media":0,"parent":20570,"menu_order":0,"comment_status":"closed","ping_status":"closed","template":"","meta":{"footnotes":""},"class_list":["post-20576","page","type-page","status-publish","hentry"],"yoast_head":"<!-- This site is optimized with the Yoast SEO plugin v27.2 - https:\/\/yoast.com\/product\/yoast-seo-wordpress\/ -->\n<title>KURS F\u00dcR INSTALLATEURE - Teak decking by triM Nautica<\/title>\n<meta name=\"robots\" content=\"index, follow, max-snippet:-1, max-image-preview:large, max-video-preview:-1\" \/>\n<link rel=\"canonical\" href=\"https:\/\/trim-nauticadecking.com\/de\/ueber-uns\/werden-sie-partner\/kurs-fuer-installateure\/\" \/>\n<meta property=\"og:locale\" content=\"de_DE\" \/>\n<meta property=\"og:type\" content=\"article\" \/>\n<meta property=\"og:title\" content=\"KURS F\u00dcR INSTALLATEURE - Teak decking by triM Nautica\" \/>\n<meta property=\"og:description\" content=\"Wenn Sie Ihren nautischen Gesch\u00e4ft erweitern oder und wenn Sie ein Installateur werden m\u00f6chten, wir organisieren individuelle Schulungen zum zertifizierten Installateur von TEAKdecking f\u00fcr eigene Gegend bzw in \u00d6sterreich. Wir werden Ihnen die Technik Grundlagen, Tricks und vieles mehr was dieses Beruf anbieten kann, zeigen, um Einbau der neuen Generation der synthetischer Teak. F\u00fcr weitere [&hellip;]\" \/>\n<meta property=\"og:url\" content=\"https:\/\/trim-nauticadecking.com\/de\/ueber-uns\/werden-sie-partner\/kurs-fuer-installateure\/\" \/>\n<meta property=\"og:site_name\" content=\"Teak decking by triM Nautica\" \/>\n<meta property=\"article:modified_time\" content=\"2025-03-08T11:51:02+00:00\" \/>\n<meta property=\"og:image\" content=\"https:\/\/trim-nauticadecking.com\/wp-content\/uploads\/2022\/02\/IMG_3043-768x576.jpeg\" \/>\n<meta name=\"twitter:card\" content=\"summary_large_image\" \/>\n<script type=\"application\/ld+json\" class=\"yoast-schema-graph\">{\"@context\":\"https:\/\/schema.org\",\"@graph\":[{\"@type\":\"WebPage\",\"@id\":\"https:\/\/trim-nauticadecking.com\/de\/ueber-uns\/werden-sie-partner\/kurs-fuer-installateure\/\",\"url\":\"https:\/\/trim-nauticadecking.com\/de\/ueber-uns\/werden-sie-partner\/kurs-fuer-installateure\/\",\"name\":\"KURS F\u00dcR INSTALLATEURE - Teak decking by triM Nautica\",\"isPartOf\":{\"@id\":\"https:\/\/trim-nauticadecking.com\/de\/#website\"},\"primaryImageOfPage\":{\"@id\":\"https:\/\/trim-nauticadecking.com\/de\/ueber-uns\/werden-sie-partner\/kurs-fuer-installateure\/#primaryimage\"},\"image\":{\"@id\":\"https:\/\/trim-nauticadecking.com\/de\/ueber-uns\/werden-sie-partner\/kurs-fuer-installateure\/#primaryimage\"},\"thumbnailUrl\":\"https:\/\/trim-nauticadecking.com\/wp-content\/uploads\/2022\/02\/IMG_3043-768x576.jpeg\",\"datePublished\":\"2022-02-04T06:42:42+00:00\",\"dateModified\":\"2025-03-08T11:51:02+00:00\",\"breadcrumb\":{\"@id\":\"https:\/\/trim-nauticadecking.com\/de\/ueber-uns\/werden-sie-partner\/kurs-fuer-installateure\/#breadcrumb\"},\"inLanguage\":\"de\",\"potentialAction\":[{\"@type\":\"ReadAction\",\"target\":[\"https:\/\/trim-nauticadecking.com\/de\/ueber-uns\/werden-sie-partner\/kurs-fuer-installateure\/\"]}]},{\"@type\":\"ImageObject\",\"inLanguage\":\"de\",\"@id\":\"https:\/\/trim-nauticadecking.com\/de\/ueber-uns\/werden-sie-partner\/kurs-fuer-installateure\/#primaryimage\",\"url\":\"https:\/\/trim-nauticadecking.com\/wp-content\/uploads\/2022\/02\/IMG_3043-768x576.jpeg\",\"contentUrl\":\"https:\/\/trim-nauticadecking.com\/wp-content\/uploads\/2022\/02\/IMG_3043-768x576.jpeg\"},{\"@type\":\"BreadcrumbList\",\"@id\":\"https:\/\/trim-nauticadecking.com\/de\/ueber-uns\/werden-sie-partner\/kurs-fuer-installateure\/#breadcrumb\",\"itemListElement\":[{\"@type\":\"ListItem\",\"position\":1,\"name\":\"Po\u010detna stranica\",\"item\":\"https:\/\/trim-nauticadecking.com\/de\/\"},{\"@type\":\"ListItem\",\"position\":2,\"name\":\"\u00dcber uns\",\"item\":\"https:\/\/trim-nauticadecking.com\/de\/ueber-uns\/\"},{\"@type\":\"ListItem\",\"position\":3,\"name\":\"WERDEN SIE PARTNER\",\"item\":\"https:\/\/trim-nauticadecking.com\/de\/o-nama\/radite-s-nama\/\"},{\"@type\":\"ListItem\",\"position\":4,\"name\":\"KURS F\u00dcR INSTALLATEURE\"}]},{\"@type\":\"WebSite\",\"@id\":\"https:\/\/trim-nauticadecking.com\/de\/#website\",\"url\":\"https:\/\/trim-nauticadecking.com\/de\/\",\"name\":\"Teak decking by triM Nautica\",\"description\":\"K\u00fcnstliches Teakholz | TEAK-Decks \u2013 k\u00fcnstliches Teakholz | PlasDECK | Installation\",\"publisher\":{\"@id\":\"https:\/\/trim-nauticadecking.com\/de\/#organization\"},\"potentialAction\":[{\"@type\":\"SearchAction\",\"target\":{\"@type\":\"EntryPoint\",\"urlTemplate\":\"https:\/\/trim-nauticadecking.com\/de\/?s={search_term_string}\"},\"query-input\":{\"@type\":\"PropertyValueSpecification\",\"valueRequired\":true,\"valueName\":\"search_term_string\"}}],\"inLanguage\":\"de\"},{\"@type\":\"Organization\",\"@id\":\"https:\/\/trim-nauticadecking.com\/de\/#organization\",\"name\":\"Teak decking by triM Nautica\",\"url\":\"https:\/\/trim-nauticadecking.com\/de\/\",\"logo\":{\"@type\":\"ImageObject\",\"inLanguage\":\"de\",\"@id\":\"https:\/\/trim-nauticadecking.com\/de\/#\/schema\/logo\/image\/\",\"url\":\"https:\/\/trim-nauticadecking.com\/wp-content\/uploads\/2021\/08\/Teak-Decking-logo-185x40px.svg\",\"contentUrl\":\"https:\/\/trim-nauticadecking.com\/wp-content\/uploads\/2021\/08\/Teak-Decking-logo-185x40px.svg\",\"width\":100,\"height\":100,\"caption\":\"Teak decking by triM Nautica\"},\"image\":{\"@id\":\"https:\/\/trim-nauticadecking.com\/de\/#\/schema\/logo\/image\/\"}}]}<\/script>\n<!-- \/ Yoast SEO plugin. -->","yoast_head_json":{"title":"KURS F\u00dcR INSTALLATEURE - Teak decking by triM Nautica","robots":{"index":"index","follow":"follow","max-snippet":"max-snippet:-1","max-image-preview":"max-image-preview:large","max-video-preview":"max-video-preview:-1"},"canonical":"https:\/\/trim-nauticadecking.com\/de\/ueber-uns\/werden-sie-partner\/kurs-fuer-installateure\/","og_locale":"de_DE","og_type":"article","og_title":"KURS F\u00dcR INSTALLATEURE - Teak decking by triM Nautica","og_description":"Wenn Sie Ihren nautischen Gesch\u00e4ft erweitern oder und wenn Sie ein Installateur werden m\u00f6chten, wir organisieren individuelle Schulungen zum zertifizierten Installateur von TEAKdecking f\u00fcr eigene Gegend bzw in \u00d6sterreich. Wir werden Ihnen die Technik Grundlagen, Tricks und vieles mehr was dieses Beruf anbieten kann, zeigen, um Einbau der neuen Generation der synthetischer Teak. F\u00fcr weitere [&hellip;]","og_url":"https:\/\/trim-nauticadecking.com\/de\/ueber-uns\/werden-sie-partner\/kurs-fuer-installateure\/","og_site_name":"Teak decking by triM Nautica","article_modified_time":"2025-03-08T11:51:02+00:00","og_image":[{"url":"https:\/\/trim-nauticadecking.com\/wp-content\/uploads\/2022\/02\/IMG_3043-768x576.jpeg","type":"","width":"","height":""}],"twitter_card":"summary_large_image","schema":{"@context":"https:\/\/schema.org","@graph":[{"@type":"WebPage","@id":"https:\/\/trim-nauticadecking.com\/de\/ueber-uns\/werden-sie-partner\/kurs-fuer-installateure\/","url":"https:\/\/trim-nauticadecking.com\/de\/ueber-uns\/werden-sie-partner\/kurs-fuer-installateure\/","name":"KURS F\u00dcR INSTALLATEURE - Teak decking by triM Nautica","isPartOf":{"@id":"https:\/\/trim-nauticadecking.com\/de\/#website"},"primaryImageOfPage":{"@id":"https:\/\/trim-nauticadecking.com\/de\/ueber-uns\/werden-sie-partner\/kurs-fuer-installateure\/#primaryimage"},"image":{"@id":"https:\/\/trim-nauticadecking.com\/de\/ueber-uns\/werden-sie-partner\/kurs-fuer-installateure\/#primaryimage"},"thumbnailUrl":"https:\/\/trim-nauticadecking.com\/wp-content\/uploads\/2022\/02\/IMG_3043-768x576.jpeg","datePublished":"2022-02-04T06:42:42+00:00","dateModified":"2025-03-08T11:51:02+00:00","breadcrumb":{"@id":"https:\/\/trim-nauticadecking.com\/de\/ueber-uns\/werden-sie-partner\/kurs-fuer-installateure\/#breadcrumb"},"inLanguage":"de","potentialAction":[{"@type":"ReadAction","target":["https:\/\/trim-nauticadecking.com\/de\/ueber-uns\/werden-sie-partner\/kurs-fuer-installateure\/"]}]},{"@type":"ImageObject","inLanguage":"de","@id":"https:\/\/trim-nauticadecking.com\/de\/ueber-uns\/werden-sie-partner\/kurs-fuer-installateure\/#primaryimage","url":"https:\/\/trim-nauticadecking.com\/wp-content\/uploads\/2022\/02\/IMG_3043-768x576.jpeg","contentUrl":"https:\/\/trim-nauticadecking.com\/wp-content\/uploads\/2022\/02\/IMG_3043-768x576.jpeg"},{"@type":"BreadcrumbList","@id":"https:\/\/trim-nauticadecking.com\/de\/ueber-uns\/werden-sie-partner\/kurs-fuer-installateure\/#breadcrumb","itemListElement":[{"@type":"ListItem","position":1,"name":"Po\u010detna stranica","item":"https:\/\/trim-nauticadecking.com\/de\/"},{"@type":"ListItem","position":2,"name":"\u00dcber uns","item":"https:\/\/trim-nauticadecking.com\/de\/ueber-uns\/"},{"@type":"ListItem","position":3,"name":"WERDEN SIE PARTNER","item":"https:\/\/trim-nauticadecking.com\/de\/o-nama\/radite-s-nama\/"},{"@type":"ListItem","position":4,"name":"KURS F\u00dcR INSTALLATEURE"}]},{"@type":"WebSite","@id":"https:\/\/trim-nauticadecking.com\/de\/#website","url":"https:\/\/trim-nauticadecking.com\/de\/","name":"Teak decking by triM Nautica","description":"K\u00fcnstliches Teakholz | TEAK-Decks \u2013 k\u00fcnstliches Teakholz | PlasDECK | Installation","publisher":{"@id":"https:\/\/trim-nauticadecking.com\/de\/#organization"},"potentialAction":[{"@type":"SearchAction","target":{"@type":"EntryPoint","urlTemplate":"https:\/\/trim-nauticadecking.com\/de\/?s={search_term_string}"},"query-input":{"@type":"PropertyValueSpecification","valueRequired":true,"valueName":"search_term_string"}}],"inLanguage":"de"},{"@type":"Organization","@id":"https:\/\/trim-nauticadecking.com\/de\/#organization","name":"Teak decking by triM Nautica","url":"https:\/\/trim-nauticadecking.com\/de\/","logo":{"@type":"ImageObject","inLanguage":"de","@id":"https:\/\/trim-nauticadecking.com\/de\/#\/schema\/logo\/image\/","url":"https:\/\/trim-nauticadecking.com\/wp-content\/uploads\/2021\/08\/Teak-Decking-logo-185x40px.svg","contentUrl":"https:\/\/trim-nauticadecking.com\/wp-content\/uploads\/2021\/08\/Teak-Decking-logo-185x40px.svg","width":100,"height":100,"caption":"Teak decking by triM Nautica"},"image":{"@id":"https:\/\/trim-nauticadecking.com\/de\/#\/schema\/logo\/image\/"}}]}},"_links":{"self":[{"href":"https:\/\/trim-nauticadecking.com\/de\/wp-json\/wp\/v2\/pages\/20576","targetHints":{"allow":["GET"]}}],"collection":[{"href":"https:\/\/trim-nauticadecking.com\/de\/wp-json\/wp\/v2\/pages"}],"about":[{"href":"https:\/\/trim-nauticadecking.com\/de\/wp-json\/wp\/v2\/types\/page"}],"author":[{"embeddable":true,"href":"https:\/\/trim-nauticadecking.com\/de\/wp-json\/wp\/v2\/users\/3"}],"replies":[{"embeddable":true,"href":"https:\/\/trim-nauticadecking.com\/de\/wp-json\/wp\/v2\/comments?post=20576"}],"version-history":[{"count":2,"href":"https:\/\/trim-nauticadecking.com\/de\/wp-json\/wp\/v2\/pages\/20576\/revisions"}],"predecessor-version":[{"id":22019,"href":"https:\/\/trim-nauticadecking.com\/de\/wp-json\/wp\/v2\/pages\/20576\/revisions\/22019"}],"up":[{"embeddable":true,"href":"https:\/\/trim-nauticadecking.com\/de\/wp-json\/wp\/v2\/pages\/20570"}],"wp:attachment":[{"href":"https:\/\/trim-nauticadecking.com\/de\/wp-json\/wp\/v2\/media?parent=20576"}],"curies":[{"name":"wp","href":"https:\/\/api.w.org\/{rel}","templated":true}]}}